{"id":58,"date":"2012-05-02T10:26:41","date_gmt":"2012-05-02T10:26:41","guid":{"rendered":"http:\/\/www.lilec.it\/canada\/wp\/?page_id=58"},"modified":"2016-09-05T09:26:14","modified_gmt":"2016-09-05T09:26:14","slug":"a-a-200910","status":"publish","type":"page","link":"http:\/\/www.lilec.it\/canada\/?page_id=58","title":{"rendered":"A.A. 2009\/2010"},"content":{"rendered":"<h4><span style=\"color: #ff0000;\"><strong>LETTERATURE ANGLO-AMERICANE A.A. 2009\/10<\/strong><\/span><\/h4>\n<p>&nbsp;<\/p>\n<ul>\n<li>Studenti del I e II anno laurea magistrale<\/li>\n<\/ul>\n<p>Prof.ssa <strong>Giovanna Franci<\/strong><\/p>\n<p>&nbsp;<\/p>\n<h4><strong><em>&#8220;Paesaggi urbani tra America e Europa: teorie e pratiche&#8221;<\/em><\/strong><\/h4>\n<h4>Il corso indaga il divenire dell\u2019idea di citt\u00e0 tra Ottocento e Novecento, alla luce delle relazioni tra Europa e Stati Uniti in rapporto alla realt\u00e0 storico-culturale che ha, di volta in volta, segnato forme e modi di concepire lo spazio urbano. Se, ancora sul finire dell\u2019Ottocento, il Grand Tour si costruisce a partire da una mappa ideale delle citt\u00e0 italiane ed europee che connota il paesaggio culturale di riferimento per l\u2019americano colto e letterato, gi\u00e0 col primo dopoguerra sono le citt\u00e0 americane che iniziano a dominare l\u2019immaginario europeo. La giovane America conquister\u00e0 prima Parigi e poi il resto d\u2019Europa e, nel secondo dopoguerra, Los Angeles, Las Vegas e New York diventeranno citt\u00e0 mito e sfondi ineludibili della nuova realt\u00e0 postmoderna. Al tempo stesso, il paesaggio americano si arricchir\u00e0 di nuove geografie urbane sulla scia delle varie ondate di emigrazione verso \u2018Il Nuovo Mondo\u2019, che porteranno alla costituzione di \u2018citt\u00e0\u2019 nelle \u2018citt\u00e0\u2019, microcosmi identitari che, nel tempo, animeranno nuove forme di quel melting pot statunitense che ora mostra le sue crepe. La prima parte del corso si concentrer\u00e0 su argomenti teorici. Gli studenti avranno la scelta di scrivere una tesina sui problemi teorici, basati sulle opere critiche indicate in bibliografia, o sui testi letterari analizzati nel corso delle lezioni.<\/h4>\n<p>&nbsp;<\/p>\n<h4><em><strong>Comparing American and European Urban Landscapes:Theory and Practice<\/strong><\/em><\/h4>\n<h4>The course investigates the development of the idea of \u2018city\u2019 from the 19th into the 20th century; it proposes a comparison between Europe and the United States in relation to the historical and cultural realities which, through time, impacted the way in which urban space is conceived. Towards the end of the 19th century, the \u2018Grand Tour\u2019 was still thought as the basis of an ideal map of Italian and European cities which formed the cultural landscape of all \u2018educated Americans.\u2019 A few decades later, starting from after World War I, American cities begin to pervade the European imaginary. First, young America will conquer Paris and from there old Europe; later, after WWII, Los Angeles, Las Vegas and New York will become mythical cities of the international postmodern reality and imagination. At the same time, the American landscape changes as it has to accommodate new urban geographies in the wake of increasing waves of immigration which will establish cities within cities; all through the 20th century, the resulting multicultural microcosms will enrich and animate with new forms the American melting pot, now showing its cracks. The first part of the course will focus on theoretical issues. Students will have the option to write their research papers on theoretical problems, based on critical works indicated in the bibliography, or on literary texts analyzed during the term.<\/h4>\n<p>&nbsp;<\/p>\n<ul>\n<li>\n<h4>Studenti del I anno di Laurea Triennale<\/h4>\n<\/li>\n<\/ul>\n<h4>Dott.ssa <strong>Elena Lamberti<\/strong><\/h4>\n<p>&nbsp;<\/p>\n<h4><em><strong>Il paesaggio nell&#8217;immaginario letterario, culturale e mediatico nordamericano<\/strong><\/em> (Periodo di riferimento: Ottocento \u2013 Primo Novecento)<\/h4>\n<h4>Il modulo indagher\u00e0 la percezione del paesaggio quale paradigma funzionale alla costruzione dell\u2019identit\u00e0 nazionale nordamericana, proponendo un confronto tra esperienze statunitensi e canadesi. A questo scopo, si indagheranno fonti diverse, di natura letteraria, artistica, fotografica e mediatica per sottolineare il ruolo giocato, in questo processo, dall\u2019uso di nuovi strumenti di osservazione e resa, quali, ad esempio, la fotografia, lo stereoscopio, il diorama, il \u2018panorama\u2019. La percezione del paesaggio si tradurr\u00e0 cos\u00ec in un vero e proprio \u2018spettacolo\u2019, prima del singolo e poi \u2018di massa\u2019, che caratterizza, a partire dall\u2019Ottocento, il divenire di nuove \u2018mentalit\u00e0\u2019 e di un nuovo \u2018gusto\u2019 funzionali alla costruzione di processi identitari via via pi\u00f9 complessi e stratificati.<\/h4>\n","protected":false},"excerpt":{"rendered":"<p>LETTERATURE ANGLO-AMERICANE A.A. 2009\/10 &nbsp; Studenti del I e II anno laurea magistrale Prof.ssa Giovanna Franci &nbsp; &#8220;Paesaggi urbani tra America e Europa: teorie e pratiche&#8221; Il corso indaga il divenire dell\u2019idea di citt\u00e0 tra Ottocento e Novecento, alla luce &hellip; <a href=\"http:\/\/www.lilec.it\/canada\/?page_id=58\">Continua a leggere<span class=\"meta-nav\">&rarr;<\/span><\/a><\/p>\n","protected":false},"author":1,"featured_media":0,"parent":42,"menu_order":0,"comment_status":"closed","ping_status":"open","template":"","meta":[],"_links":{"self":[{"href":"http:\/\/www.lilec.it\/canada\/index.php?rest_route=\/wp\/v2\/pages\/58"}],"collection":[{"href":"http:\/\/www.lilec.it\/canada\/index.php?rest_route=\/wp\/v2\/pages"}],"about":[{"href":"http:\/\/www.lilec.it\/canada\/index.php?rest_route=\/wp\/v2\/types\/page"}],"author":[{"embeddable":true,"href":"http:\/\/www.lilec.it\/canada\/index.php?rest_route=\/wp\/v2\/users\/1"}],"replies":[{"embeddable":true,"href":"http:\/\/www.lilec.it\/canada\/index.php?rest_route=%2Fwp%2Fv2%2Fcomments&post=58"}],"version-history":[{"count":9,"href":"http:\/\/www.lilec.it\/canada\/index.php?rest_route=\/wp\/v2\/pages\/58\/revisions"}],"predecessor-version":[{"id":560,"href":"http:\/\/www.lilec.it\/canada\/index.php?rest_route=\/wp\/v2\/pages\/58\/revisions\/560"}],"up":[{"embeddable":true,"href":"http:\/\/www.lilec.it\/canada\/index.php?rest_route=\/wp\/v2\/pages\/42"}],"wp:attachment":[{"href":"http:\/\/www.lilec.it\/canada\/index.php?rest_route=%2Fwp%2Fv2%2Fmedia&parent=58"}],"curies":[{"name":"wp","href":"https:\/\/api.w.org\/{rel}","templated":true}]}}