{"id":172,"date":"2012-09-20T10:24:49","date_gmt":"2012-09-20T08:24:49","guid":{"rendered":"http:\/\/www.lilec.it\/cisq\/wp\/?page_id=172"},"modified":"2016-12-01T15:16:51","modified_gmt":"2016-12-01T14:16:51","slug":"dizionari","status":"publish","type":"page","link":"http:\/\/www.lilec.it\/cisq\/risorse\/dizionari\/","title":{"rendered":"Dizionari | Dictionnaires"},"content":{"rendered":"<p><!--:it--><\/p>\n<p style=\"text-align: justify;\"><a href=\"http:\/\/franqus.ca\/dictio\/intro\/index.zul\">Dictionnaire de la langue fran\u00e7aise. Le fran\u00e7ais vu du Qu\u00e9bec (FVQ).<\/a><br \/>\nUniversit\u00e9 de Sherbrooke, CATIFQ.<\/p>\n<p style=\"text-align: justify;\"><a href=\"http:\/\/www.gdt.oqlf.gouv.qc.ca\/\">Grand dictionnaire terminologique (GDT).<\/a><br \/>\nOffice qu\u00e9b\u00e9cois de la langue fran\u00e7aise, Gouvernement du Qu\u00e9bec.<\/p>\n<p><!--:--><!--:fr--><a href=\"http:\/\/franqus.ca\/dictio\/intro\/index.zul\">Dictionnaire de la langue fran\u00e7aise. Le fran\u00e7ais vu du Qu\u00e9bec (FVQ).<\/a><br \/>\nUniversit\u00e9 de Sherbrooke, CATIFQ.<\/p>\n<p><a href=\"http:\/\/www.gdt.oqlf.gouv.qc.ca\/\">Grand dictionnaire terminologique (GDT).<\/a><br \/>\nOffice qu\u00e9b\u00e9cois de la langue fran\u00e7aise, Gouvernement du Qu\u00e9bec.<!--:--><\/p>\n","protected":false},"excerpt":{"rendered":"<p> [&hellip;]<\/p>\n","protected":false},"author":6,"featured_media":0,"parent":150,"menu_order":0,"comment_status":"closed","ping_status":"closed","template":"","meta":{"footnotes":""},"class_list":["post-172","page","type-page","status-publish","hentry"],"_links":{"self":[{"href":"http:\/\/www.lilec.it\/cisq\/wp-json\/wp\/v2\/pages\/172"}],"collection":[{"href":"http:\/\/www.lilec.it\/cisq\/wp-json\/wp\/v2\/pages"}],"about":[{"href":"http:\/\/www.lilec.it\/cisq\/wp-json\/wp\/v2\/types\/page"}],"author":[{"embeddable":true,"href":"http:\/\/www.lilec.it\/cisq\/wp-json\/wp\/v2\/users\/6"}],"replies":[{"embeddable":true,"href":"http:\/\/www.lilec.it\/cisq\/wp-json\/wp\/v2\/comments?post=172"}],"version-history":[{"count":9,"href":"http:\/\/www.lilec.it\/cisq\/wp-json\/wp\/v2\/pages\/172\/revisions"}],"predecessor-version":[{"id":957,"href":"http:\/\/www.lilec.it\/cisq\/wp-json\/wp\/v2\/pages\/172\/revisions\/957"}],"up":[{"embeddable":true,"href":"http:\/\/www.lilec.it\/cisq\/wp-json\/wp\/v2\/pages\/150"}],"wp:attachment":[{"href":"http:\/\/www.lilec.it\/cisq\/wp-json\/wp\/v2\/media?parent=172"}],"curies":[{"name":"wp","href":"https:\/\/api.w.org\/{rel}","templated":true}]}}