{"id":176,"date":"2012-09-20T10:25:41","date_gmt":"2012-09-20T08:25:41","guid":{"rendered":"http:\/\/www.lilec.it\/cisq\/wp\/?page_id=176"},"modified":"2019-12-04T14:34:27","modified_gmt":"2019-12-04T13:34:27","slug":"repertori-bibliografici","status":"publish","type":"page","link":"http:\/\/www.lilec.it\/cisq\/risorse\/repertori-bibliografici\/","title":{"rendered":"Repertori bibliografici | R\u00e9pertoires bibliographiques"},"content":{"rendered":"<p><!--:it--><\/p>\n<p style=\"text-align: justify;\"><strong><a href=\"http:\/\/www.collectionscanada.gc.ca\/amicus\/\">AMICUS Catalogo Nazionale Canadese<\/a><\/strong><\/p>\n<p style=\"text-align: justify;\"><span style=\"text-align: justify;\">AMICUS est un catalogue gratuit fournissant les mentions de fonds de biblioth\u00e8ques \u00e0 travers le Canada. \u00c9tant un catalogue national, AMICUS n&#8217;affiche pas seulement les mentions de fonds de Biblioth\u00e8que et Archives Canada (BAC) mais \u00e9galement les collections de centaines de biblioth\u00e8ques \u00e0 travers le Canada.\u00a0Il contient plus de 30 millions de notices pour les livres, les p\u00e9riodiques, les documents officiels, les th\u00e8ses, les enregistrements sonores, les cartes, les textes \u00e9lectroniques ainsi que pour les documents en braille et en gros caract\u00e8res.<\/span><\/p>\n<p style=\"text-align: justify;\"><strong><a href=\"http:\/\/www.lilec.it\/cisq\/wp\/wp-content\/uploads\/2012\/09\/Fondo-quebecchese-A-Z-Biblioteca-DLLSM-Unibo.xls\">Catalogo del fondo quebecchese della Biblioteca DLLSM<br \/>\n<\/a><\/strong><span style=\"text-align: justify;\">Nel catalogo sono repertoriate 6187 opere di vario soggetto (lingua, letteratura, storia, cinema, arti) presenti nella Biblioteca del Dipartimento di Lingue e Letterature Straniere Moderne, Universit\u00e0 di Bologna (a cura di Valentina Venditti).<\/span><\/p>\n<p style=\"text-align: justify;\"><strong><a href=\"http:\/\/www.erudit.org\/\">La plateforme \u00c9rudit<\/a><span style=\"text-decoration: underline;\"><a href=\"http:\/\/www.erudit.org\/\"><br \/>\n<\/a><\/span><\/strong><span style=\"text-align: justify;\">\u00c9rudit a pour mission de promouvoir et de diffuser les r\u00e9sultats de la recherche et de la cr\u00e9ation. Fond\u00e9e en 1998, la plateforme \u00c9rudit est un consortium interuniversitaire (<\/span>Universit\u00e9 de Montr\u00e9al<span style=\"text-align: justify;\">, <\/span>Universit\u00e9 Laval<span style=\"text-align: justify;\">, <\/span>Universit\u00e9 du Qu\u00e9bec \u00e0 Montr\u00e9al<span style=\"text-align: justify;\">) et un organisme sans but lucratif qui donne acc\u00e8s \u00e0 plus de 100 revues savantes, 27 revues culturelles, une cinquantaine de livres et actes, 30 000 m\u00e9moires et th\u00e8ses, et pr\u00e8s de 3 000 documents et donn\u00e9es provenant de centres de recherche subventionn\u00e9s par le <\/span><a href=\"http:\/\/www.fqrsc.gouv.qc.ca\/fr\/accueil.php\">Fonds qu\u00e9b\u00e9cois de recherche sur la soci\u00e9t\u00e9 et la culture (FQRSC)<\/a><span style=\"text-align: justify;\">. Pr\u00e8s de 170 000 documents sont disponibles sur \u00c9rudit, dont plus de 95% sont en acc\u00e8s libre int\u00e9gral.\u00a0<\/span><\/p>\n<p style=\"text-align: justify;\"><strong><a href=\"http:\/\/www.tlfq.ulaval.ca\/ilq\/\">Index lexicologique qu\u00e9b\u00e9cois (ILQ)<\/a><\/strong><br \/>\nInventaire des mots du fran\u00e7ais qu\u00e9b\u00e9cois ayant fait l&#8217;objet d&#8217;un\u00a0commentaire ou d&#8217;une \u00e9tude depuis 1750 jusqu&#8217;\u00e0 nos jours,\u00a0Universit\u00e9 Laval,\u00a0Tr\u00e9sor de la langue fran\u00e7aise au Qu\u00e9bec, sous la direction de C. Poirier.<\/p>\n<p><!--:--><!--:fr--><strong><a href=\"http:\/\/www.collectionscanada.gc.ca\/amicus\/\">AMICUS Catalogue National Canadien<\/a><\/strong><br \/>\nAMICUS est un catalogue gratuit fournissant les mentions de fonds de biblioth\u00e8ques \u00e0 travers le Canada. \u00c9tant un catalogue national, AMICUS n&#8217;affiche pas seulement les mentions de fonds de Biblioth\u00e8que et Archives Canada (BAC) mais \u00e9galement les collections de centaines de biblioth\u00e8ques \u00e0 travers le Canada.\u00a0Il contient plus de 30 millions de notices pour les livres, les p\u00e9riodiques, les documents officiels, les th\u00e8ses, les enregistrements sonores, les cartes, les textes \u00e9lectroniques ainsi que pour les documents en braille et en gros caract\u00e8res.<\/p>\n<p><strong><a href=\"http:\/\/www.lilec.it\/cisq\/wp\/wp-content\/uploads\/2012\/09\/Fondo-quebecchese-A-Z-Biblioteca-DLLSM-Unibo.xls\">Catalogue du Fond Qu\u00e9b\u00e9cois de la Biblioth\u00e8que DLLSM<\/a><\/strong><br \/>\nLe catalogue r\u00e9pertorie 6187 oeuvres portant sur diff\u00e9rents sujets (langue, litt\u00e9rature, histoire, histoire, cin\u00e9ma, arts) pr\u00e9sents dans la Biblioth\u00e8que du D\u00e9partement de Langues et Litt\u00e9ratures Etrang\u00e8res Modernes, Universit\u00e0 di Bologna (\u00e9dit\u00e9 par Valentina Venditti).<\/p>\n<p><strong><a href=\"http:\/\/www.erudit.org\/\">La plateforme \u00c9rudit<\/a><\/strong><br \/>\n\u00c9rudit a pour mission de promouvoir et de diffuser les r\u00e9sultats de la recherche et de la cr\u00e9ation. Fond\u00e9e en 1998, la plateforme \u00c9rudit est un consortium interuniversitaire (Universit\u00e9 de Montr\u00e9al,\u00a0Universit\u00e9 Laval,\u00a0Universit\u00e9 du Qu\u00e9bec \u00e0 Montr\u00e9al) et un organisme sans but lucratif qui donne acc\u00e8s \u00e0 plus de 100 revues savantes, 27 revues culturelles, une cinquantaine de livres et actes, 30 000 m\u00e9moires et th\u00e8ses, et pr\u00e8s de 3 000 documents et donn\u00e9es provenant de centres de recherche subventionn\u00e9s par le\u00a0<a href=\"http:\/\/www.fqrsc.gouv.qc.ca\/fr\/accueil.php\">Fonds qu\u00e9b\u00e9cois de recherche sur la soci\u00e9t\u00e9 et la culture (FQRSC)<\/a>. Pr\u00e8s de 170 000 documents sont disponibles sur \u00c9rudit, dont plus de 95% sont en acc\u00e8s libre int\u00e9gral.<\/p>\n<p><strong><a href=\"http:\/\/www.tlfq.ulaval.ca\/ilq\/\">Index lexicologique qu\u00e9b\u00e9cois (ILQ)<\/a><\/strong><br \/>\nInventaire des mots du fran\u00e7ais qu\u00e9b\u00e9cois ayant fait l&#8217;objet d&#8217;un\u00a0commentaire ou d&#8217;une \u00e9tude depuis 1750 jusqu&#8217;\u00e0 nos jours,\u00a0Universit\u00e9 Laval,\u00a0Tr\u00e9sor de la langue fran\u00e7aise au Qu\u00e9bec, sous la direction de C. Poirier.<\/p>\n<p>Anne de VAUCHER, Cristina MINELLE,\u00a0<a href=\"http:\/\/www.lilec.it\/cisq\/wp\/wp-content\/uploads\/2019\/12\/TRADUZIONI-Aggiorn.2019.pdf\"><strong><em>Traduzioni italiane di opere canadesi francofone<\/em><\/strong><\/a>, Venezia, ed. Poligrafica, 2003, 47 pp., con aggiornamento a dicembre, 2019.<!--:--><\/p>\n","protected":false},"excerpt":{"rendered":"<p> [&hellip;]<\/p>\n","protected":false},"author":6,"featured_media":0,"parent":150,"menu_order":0,"comment_status":"closed","ping_status":"closed","template":"","meta":{"footnotes":""},"class_list":["post-176","page","type-page","status-publish","hentry"],"_links":{"self":[{"href":"http:\/\/www.lilec.it\/cisq\/wp-json\/wp\/v2\/pages\/176"}],"collection":[{"href":"http:\/\/www.lilec.it\/cisq\/wp-json\/wp\/v2\/pages"}],"about":[{"href":"http:\/\/www.lilec.it\/cisq\/wp-json\/wp\/v2\/types\/page"}],"author":[{"embeddable":true,"href":"http:\/\/www.lilec.it\/cisq\/wp-json\/wp\/v2\/users\/6"}],"replies":[{"embeddable":true,"href":"http:\/\/www.lilec.it\/cisq\/wp-json\/wp\/v2\/comments?post=176"}],"version-history":[{"count":95,"href":"http:\/\/www.lilec.it\/cisq\/wp-json\/wp\/v2\/pages\/176\/revisions"}],"predecessor-version":[{"id":1478,"href":"http:\/\/www.lilec.it\/cisq\/wp-json\/wp\/v2\/pages\/176\/revisions\/1478"}],"up":[{"embeddable":true,"href":"http:\/\/www.lilec.it\/cisq\/wp-json\/wp\/v2\/pages\/150"}],"wp:attachment":[{"href":"http:\/\/www.lilec.it\/cisq\/wp-json\/wp\/v2\/media?parent=176"}],"curies":[{"name":"wp","href":"https:\/\/api.w.org\/{rel}","templated":true}]}}