{"id":178,"date":"2012-09-20T10:26:21","date_gmt":"2012-09-20T08:26:21","guid":{"rendered":"http:\/\/www.lilec.it\/cisq\/wp\/?page_id=178"},"modified":"2018-06-05T13:07:47","modified_gmt":"2018-06-05T11:07:47","slug":"tesi-di-laurea","status":"publish","type":"page","link":"http:\/\/www.lilec.it\/cisq\/risorse\/tesi-di-laurea\/","title":{"rendered":"Tesi di laurea | M\u00e9moires"},"content":{"rendered":"<p><!--:it--><\/p>\n<p style=\"text-align: justify;\">Tesi di laurea triennale e magistrale che vertono interamente o parzialmente sul Quebec\u00a0dirette da membri del CISQ<\/p>\n<p><strong>Catia Nannoni<\/strong><\/p>\n<p>Alessia Marangio (2016-2017), <em>Justin Trudeau, il personaggio e la politica: analisi e traduzione di un corpus di articoli<\/em>, Lingue e Letterature Straniere, correlatrice Silvia Modena.<\/p>\n<p>Alessia Benincasa (2016-17), <em>Troubles du langage chez les enfants dans les albums illustr\u00e9s de Danielle Noreau : projet de traduction<\/em>, Lingua, societ\u00e0 e comunicazione, correlatrice Silvia Modena.<\/p>\n<p>Giulia Montanari (2015-2016), <em>Tradurre \u201cPleure pas, Germaine\u201d di Claude Jasmin. <\/em><em>Appartenenza, identit\u00e0 e joual in Qu\u00e9bec<\/em>, LMCP, correlatore Jean-Fran\u00e7ois Plamondon<\/p>\n<p>Maria Chiara Neri (2013-2014), <em>La m\u00e9tafiction traductive au Qu\u00e9bec : r\u00e9flexion th\u00e9orique et pratique sur l\u2019exp\u00e9rience de transposition en italien d\u2019extraits de <\/em>La traduction est une histoire d\u2019amour <em>de Jacques Poulin<\/em>, LMCP, correlatore Jean-Fran\u00e7ois Plamondon.<\/p>\n<p style=\"text-align: justify;\"><strong>Jean-Fran\u00e7ois Plamondon<\/strong><\/p>\n<p style=\"text-align: justify;\">Neri, Maria Chiara (2012)\u00a0<em><a href=\"http:\/\/amslaurea.unibo.it\/4096\/\" target=\"_blank\" rel=\"noopener\">Les qu\u00e9b\u00e9cismes, ces m\u00e9connus : r\u00e9flexion m\u00e9thodologique sur la traduction en italien du lexique qu\u00e9b\u00e9cois dans Agaguk et N&#8217;tsuk d&#8217;Yves Th\u00e9riault<\/a>.<\/em>\u00a0Lingue e Letterature Straniere, con Valeria Zotti.<\/p>\n<p style=\"text-align: justify;\">Baldini, Elisa (2012)\u00a0<em><a href=\"http:\/\/amslaurea.unibo.it\/4012\/\" target=\"_blank\" rel=\"noopener\">Les qu\u00e9b\u00e9cismes dans les romans d&#8217;Anne H\u00e9bert et de Ga\u00e9tan Soucy et leurs traductions italiennes: analyse intralinguistique et contrastive<\/a><\/em>. Lingua, societ\u00e0 e comunicazione, LS,\u00a0con Valeria Zotti.<\/p>\n<p style=\"text-align: justify;\">Cadoni, Anna (2011-2012), <em>Rose Latulipe\u00a0: Evoluzione di una leggenda all\u2019interno della societ\u00e0 quebecchese<\/em>, Lingue e Letterature Straniere.<\/p>\n<p style=\"text-align: justify;\">Cembali, Chiara (2011-2012)\u00a0<em>I dizionari della lingua francese in Qu\u00e9bec.<\/em>\u00a0Lingue e Letterature Straniere, con Valeria Zotti.<\/p>\n<p style=\"text-align: justify;\">Aldrovandi, Giulia (2009-2010),\u00a0<em>Italiani in Qu\u00e9bec. La presenza culturale dell\u2019Italia a Montr\u00e9al<\/em>, Lingue e Letterature Straniere.<\/p>\n<p style=\"text-align: justify;\">Polacchini, Cecilia (2009-2010)\u00a0<em>Il francese popolare e familiare in Francia e in Qu\u00e9bec: analisi linguistica contrastiva<\/em>. Lingue e Letterature Straniere,\u00a0con Valeria Zotti.<\/p>\n<p style=\"text-align: justify;\">Berretti, Emanuela (2009-2010)\u00a0<em>\u201cL\u2019afficheur hurle\u201d de Paul Chamberland: un urlo contro il malessere della societ\u00e0 quebecchese<\/em>. Letterature comparate e culture post-coloniali, LS, con Valeria Zotti.<\/p>\n<p style=\"text-align: justify;\"><strong style=\"text-align: justify;\">Paola Puccini<\/strong><\/p>\n<p style=\"text-align: justify;\">Casali, Giulia (2015-2016)\u00a0<em>\u00abOn gagne \u00e0 parler fran\u00e7ais\u00bb: la\u00a0<\/em>francisation\u00a0<em>del mondo professionale in Qu\u00e9bec oggi<\/em>. Lingua e Linguistica Francese, con Fernando Funari.<\/p>\n<p style=\"text-align: justify;\">Pella, Marianna (2015-2016)\u00a0L&#8217;homme invisible\u2044The Invisible Man\u00a0<em>di Patrice Desbiens: il problema identitario franco-ontariano<\/em>. Lingua, Societ\u00e0 e Communicazione, LS, con Catia Nannoni.<\/p>\n<p style=\"text-align: justify;\">Greco, Alice (2015-2016) La Sarrasine<em>: forme di resilienza nella migrazione italiana nei primi anni del &#8216;900<\/em>. Lingua, Societ\u00e0 e Communicazione, LS, con Fernando Funari.<\/p>\n<p style=\"text-align: justify;\">Colombari, Alice (2011-2012) <em>La Francofonia e la Francia<\/em>. Studi Internazionali.<\/p>\n<p style=\"text-align: justify;\">Olivi, Daniela (2010-2011) <em>La Svizzera e la Francofonia<\/em>. Scienze Politiche.<\/p>\n<p style=\"text-align: justify;\">Grazia, Barbara (2009-2010) <em>Il Senegal all\u2019interno della Francofonia: aspetti linguistici e politici<\/em>. Scienze Politiche.<\/p>\n<p style=\"text-align: justify;\">Sorichetti, Benedetta (2008-2009) <em>Le Th\u00e9\u00e2tre de Marco Micone: \u201cUna donna\u201d<\/em>. Letterature Europee (Facolt\u00e0 di Lettere e Filosofia).<\/p>\n<p style=\"text-align: justify;\">Simula, Maddalena (2008-2009) <em>Il Qu\u00e9bec nella francofonia: un percorso di rivendicazione<\/em>. Scienze Politiche.<\/p>\n<p style=\"text-align: justify;\">Cortese, Bruno (2008-2009) <em>La Francophonie e il S\u00e9n\u00e9gal un\u2019eredit\u00e0 coloniale e linguistica<\/em>. Relazioni Internazionali.<\/p>\n<p style=\"text-align: justify;\">Giacomini, Gioia (2007-2008) <em>Il francese nelle relazioni internazionali<\/em>. Relazioni Internazionali.<\/p>\n<p style=\"text-align: justify;\">Marchioni, Mathias (2006-2007) <em>Tutela della diversit\u00e0 culturale e linguistica nel panorama internazionale europeo. Il caso del Qu\u00e9bec<\/em>. Scienze Politiche.<\/p>\n<p style=\"text-align: justify;\">Toth, Giordano (2006-2007) <em>Canada e Belgio nelle Relazioni internazionali francofone<\/em>. Relazioni Internazionali, LM.<\/p>\n<p style=\"text-align: justify;\">Sachs, Geraldine (2005-2006) <em>La langue fran\u00e7aise comme pari de l\u2019identit\u00e9 multiethnique qu\u00e9b\u00e9coise<\/em>. Relazioni Internazionali, LM.<\/p>\n<p style=\"text-align: justify;\">Valenti, Michela (2005-2006) <em>Le \u201cfrancophonies\u201d del mondo e l\u2019apertura all\u2019incontro attraverso lo studio del Francese Lingua Straniera<\/em>. SISS- Scuola di specializzazione per l\u2019insegnamento secondario.<\/p>\n<p style=\"text-align: justify;\">Della Chiara, Anna (2005-2006) <em>L\u2019emigrazione italiana in Canada<\/em>. Scienze Politiche.<\/p>\n<p style=\"text-align: justify;\"><strong>Valeria Zotti<\/strong><\/p>\n<p style=\"text-align: justify;\">Neri, Maria Chiara (2012) <em><a href=\"http:\/\/amslaurea.unibo.it\/4096\/\" target=\"_blank\" rel=\"noopener\">Les qu\u00e9b\u00e9cismes, ces m\u00e9connus : r\u00e9flexion m\u00e9thodologique sur la traduction en italien du lexique qu\u00e9b\u00e9cois dans Agaguk et N&#8217;tsuk d&#8217;Yves Th\u00e9riault<\/a>.<\/em> Lingue e Letterature Straniere,\u00a0con J.-F. Plamondon.<\/p>\n<p style=\"text-align: justify;\">Baldini, Elisa (2012) <em><a href=\"http:\/\/amslaurea.unibo.it\/4012\/\" target=\"_blank\" rel=\"noopener\">Les qu\u00e9b\u00e9cismes dans les romans d&#8217;Anne H\u00e9bert et de Ga\u00e9tan Soucy et leurs traductions italiennes: analyse intralinguistique et contrastive<\/a><\/em>. Lingua, societ\u00e0 e comunicazione, LS,\u00a0, con J.-F. Plamondon.<\/p>\n<p style=\"text-align: justify;\">Cembali, Chiara (2011-2012)\u00a0<em>I dizionari della lingua francese in Qu\u00e9bec.<\/em>\u00a0Lingue e Letterature Straniere,\u00a0con J.-F. Plamondon.<\/p>\n<p style=\"text-align: justify;\">Gaiba, Emanuele (2011-2012) <em>Lingue e identit\u00e0: mutamento linguistico e percezione identitaria nella comunit\u00e0 italo-quebecchese<\/em>. Lingue e Letterature Straniere.<\/p>\n<p style=\"text-align: justify;\">Ielmoli, Matteo (2010)<em><a href=\"http:\/\/amslaurea.unibo.it\/4114\/\" target=\"_blank\" rel=\"noopener\"> Le fran\u00e7ais de Belgique : une vari\u00e9t\u00e9 en voie d&#8217;autonomisation? Analyse des belgicismes dans les dictionnaires bilingues<\/a><\/em>. Lingua, societ\u00e0 e comunicazione, LS.<\/p>\n<p style=\"text-align: justify;\">Polacchini, Cecilia (2009-2010) <em>Il francese popolare e familiare in Francia e in Qu\u00e9bec: analisi linguistica contrastiva<\/em>. Lingue e Letterature Straniere, con J.-F. Plamondon.<\/p>\n<p style=\"text-align: justify;\">Berretti, Emanuela (2009-2010) <em>\u201cL\u2019afficheur hurle\u201d de Paul Chamberland: un urlo contro il malessere della societ\u00e0 quebecchese<\/em>. Letterature comparate e culture post-coloniali, LS, con J.-F. Plamondon.<\/p>\n<p><!--:--><!--:fr--><\/p>\n<p style=\"text-align: justify;\">M\u00e9moires de Licence et de Master II portant enti\u00e8rement ou partiellement sur le Qu\u00e9bec dirig\u00e9s par les membres du Cisq<\/p>\n<p style=\"text-align: justify;\"><strong>Jean-Fran\u00e7ois Plamondon<\/strong><\/p>\n<p style=\"text-align: justify;\">Aldrovandi, Giulia (2009-2010),\u00a0<em>Italiani in Qu\u00e9bec. La presenza culturale dell\u2019Italia a Montr\u00e9al<\/em>, Lingue e Letterature Straniere.<\/p>\n<p style=\"text-align: justify;\">Polacchini, Cecilia (2009-2010)\u00a0<em>Il francese popolare e familiare in Francia e in Qu\u00e9bec: analisi linguistica contrastiva<\/em>. Lingue e Letterature Straniere,\u00a0con Valeria Zotti.<\/p>\n<p style=\"text-align: justify;\">Berretti, Emanuela (2009-2010)\u00a0<em>\u201cL\u2019afficheur hurle\u201d de Paul Chamberland: un urlo contro il malessere della societ\u00e0 quebecchese<\/em>. Letterature comparate e culture post-coloniali, LS, con Valeria Zotti.<\/p>\n<p style=\"text-align: justify;\">Cembali, Chiara (2011-2012)\u00a0<em>I dizionari della lingua francese in Qu\u00e9bec.<\/em>\u00a0Lingue e Letterature Straniere, con Valeria Zotti.<\/p>\n<p style=\"text-align: justify;\">Cadoni, Anna (2011-2012), <em>Rose Latulipe\u00a0: Evoluzione di una leggenda all\u2019interno della societ\u00e0 quebecchese<\/em>, Lingue e Letterature Straniere.<\/p>\n<p style=\"text-align: justify;\">Baldini, Elisa (2012)\u00a0<em><a href=\"http:\/\/amslaurea.unibo.it\/4012\/\" target=\"_blank\" rel=\"noopener\">Les qu\u00e9b\u00e9cismes dans les romans d&#8217;Anne H\u00e9bert et de Ga\u00e9tan Soucy et leurs traductions italiennes: analyse intralinguistique et contrastive<\/a><\/em>. Lingua, societ\u00e0 e comunicazione, LS,\u00a0con Valeria Zotti.<\/p>\n<p style=\"text-align: justify;\">Neri, Maria Chiara (2012)\u00a0<em><a href=\"http:\/\/amslaurea.unibo.it\/4096\/\" target=\"_blank\" rel=\"noopener\">Les qu\u00e9b\u00e9cismes, ces m\u00e9connus : r\u00e9flexion m\u00e9thodologique sur la traduction en italien du lexique qu\u00e9b\u00e9cois dans Agaguk et N&#8217;tsuk d&#8217;Yves Th\u00e9riault<\/a>.<\/em>\u00a0Lingue e Letterature Straniere, con Valeria Zotti.<\/p>\n<p style=\"text-align: justify;\"><strong style=\"text-align: justify;\">Paola Puccini<\/strong><\/p>\n<p style=\"text-align: justify;\">Sachs, Geraldine (2005-2006) <em>La langue fran\u00e7aise comme pari de l\u2019identit\u00e9 multiethnique qu\u00e9b\u00e9coise<\/em>. Relazioni Internazionali, LM.<\/p>\n<p style=\"text-align: justify;\">Valenti, Michela (2005-2006) <em>Le \u201cfrancophonies\u201d del mondo e l\u2019apertura all\u2019incontro attraverso lo studio del Francese Lingua Straniera<\/em>. SISS- Scuola di specializzazione per l\u2019insegnamento secondario.<\/p>\n<p style=\"text-align: justify;\">Della Chiara, Anna (2005-2006) <em>L\u2019emigrazione italiana in Canada<\/em>. Scienze Politiche.<\/p>\n<p style=\"text-align: justify;\">Toth, Giordano (2006-2007) <em>Canada e Belgio nelle Relazioni internazionali francofone<\/em>. Relazioni Internazionali, LM.<\/p>\n<p style=\"text-align: justify;\">Marchioni, Mathias (2006-2007) <em>Tutela della diversit\u00e0 culturale e linguistica nel panorama internazionale europeo. Il caso del Qu\u00e9bec<\/em>. Scienze Politiche.<\/p>\n<p style=\"text-align: justify;\">Giacomini, Gioia (2007-2008) <em>Il francese nelle relazioni internazionali<\/em>. Relazioni Internazionali.<\/p>\n<p style=\"text-align: justify;\">Cortese, Bruno (2008-2009) <em>La Francophonie e il S\u00e9n\u00e9gal un\u2019eredit\u00e0 coloniale e linguistica<\/em>. Relazioni Internazionali.<\/p>\n<p style=\"text-align: justify;\">Simula, Maddalena (2008-2009) <em>Il Qu\u00e9bec nella francofonia: un percorso di rivendicazione<\/em>. Scienze Politiche.<\/p>\n<p style=\"text-align: justify;\">Sorichetti, Benedetta (2008-2009) <em>Le Th\u00e9\u00e2tre de Marco Micone: \u201cUna donna\u201d<\/em>. Letterature Europee (Facolt\u00e0 di Lettere e Filosofia).<\/p>\n<p style=\"text-align: justify;\">Grazia, Barbara (2009-2010) <em>Il Senegal all\u2019interno della Francofonia: aspetti linguistici e politici<\/em>. Scienze Politiche.<\/p>\n<p style=\"text-align: justify;\">Olivi, Daniela (2010-2011) <em>La Svizzera e la Francofonia<\/em>. Scienze Politiche.<\/p>\n<p style=\"text-align: justify;\">Colombari, Alice (2011-2012) <em>La Francofonia e la Francia<\/em>. Studi Internazionali.<\/p>\n<p style=\"text-align: justify;\"><strong>Valeria Zotti<\/strong><\/p>\n<p style=\"text-align: justify;\">Polacchini, Cecilia (2009-2010) <em>Il francese popolare e familiare in Francia e in Qu\u00e9bec: analisi linguistica contrastiva<\/em>. Lingue e Letterature Straniere, con J.-F. Plamondon.<\/p>\n<p style=\"text-align: justify;\">Berretti, Emanuela (2009-2010) <em>\u201cL\u2019afficheur hurle\u201d de Paul Chamberland: un urlo contro il malessere della societ\u00e0 quebecchese<\/em>. Letterature comparate e culture post-coloniali, LS, con J.-F. Plamondon.<\/p>\n<p style=\"text-align: justify;\">Ielmoli, Matteo (2010)<em><a href=\"http:\/\/amslaurea.unibo.it\/4114\/\" target=\"_blank\" rel=\"noopener\"> Le fran\u00e7ais de Belgique : une vari\u00e9t\u00e9 en voie d&#8217;autonomisation? Analyse des belgicismes dans les dictionnaires bilingues<\/a><\/em>. Lingua, societ\u00e0 e comunicazione, LS.<\/p>\n<p style=\"text-align: justify;\">Cembali, Chiara (2011-2012)\u00a0<em>I dizionari della lingua francese in Qu\u00e9bec.<\/em>\u00a0Lingue e Letterature Straniere,\u00a0con J.-F. Plamondon.<\/p>\n<p style=\"text-align: justify;\">Baldini, Elisa (2012) <em><a href=\"http:\/\/amslaurea.unibo.it\/4012\/\" target=\"_blank\" rel=\"noopener\">Les qu\u00e9b\u00e9cismes dans les romans d&#8217;Anne H\u00e9bert et de Ga\u00e9tan Soucy et leurs traductions italiennes: analyse intralinguistique et contrastive<\/a><\/em>. Lingua, societ\u00e0 e comunicazione, LS,\u00a0, con J.-F. Plamondon.<\/p>\n<p style=\"text-align: justify;\">Neri, Maria Chiara (2012) <em><a href=\"http:\/\/amslaurea.unibo.it\/4096\/\" target=\"_blank\" rel=\"noopener\">Les qu\u00e9b\u00e9cismes, ces m\u00e9connus : r\u00e9flexion m\u00e9thodologique sur la traduction en italien du lexique qu\u00e9b\u00e9cois dans Agaguk et N&#8217;tsuk d&#8217;Yves Th\u00e9riault<\/a>.<\/em> Lingue e Letterature Straniere,\u00a0con J.-F. Plamondon.<\/p>\n<p style=\"text-align: justify;\">Gaiba, Emanuele (2011-2012) <em>Lingue e identit\u00e0: mutamento linguistico e percezione identitaria nella comunit\u00e0 italo-quebecchese<\/em>. Lingue e Letterature Straniere.<\/p>\n<p><!--:--><\/p>\n","protected":false},"excerpt":{"rendered":"<p> [&hellip;]<\/p>\n","protected":false},"author":6,"featured_media":0,"parent":150,"menu_order":0,"comment_status":"closed","ping_status":"closed","template":"","meta":{"footnotes":""},"class_list":["post-178","page","type-page","status-publish","hentry"],"_links":{"self":[{"href":"http:\/\/www.lilec.it\/cisq\/wp-json\/wp\/v2\/pages\/178"}],"collection":[{"href":"http:\/\/www.lilec.it\/cisq\/wp-json\/wp\/v2\/pages"}],"about":[{"href":"http:\/\/www.lilec.it\/cisq\/wp-json\/wp\/v2\/types\/page"}],"author":[{"embeddable":true,"href":"http:\/\/www.lilec.it\/cisq\/wp-json\/wp\/v2\/users\/6"}],"replies":[{"embeddable":true,"href":"http:\/\/www.lilec.it\/cisq\/wp-json\/wp\/v2\/comments?post=178"}],"version-history":[{"count":25,"href":"http:\/\/www.lilec.it\/cisq\/wp-json\/wp\/v2\/pages\/178\/revisions"}],"predecessor-version":[{"id":1349,"href":"http:\/\/www.lilec.it\/cisq\/wp-json\/wp\/v2\/pages\/178\/revisions\/1349"}],"up":[{"embeddable":true,"href":"http:\/\/www.lilec.it\/cisq\/wp-json\/wp\/v2\/pages\/150"}],"wp:attachment":[{"href":"http:\/\/www.lilec.it\/cisq\/wp-json\/wp\/v2\/media?parent=178"}],"curies":[{"name":"wp","href":"https:\/\/api.w.org\/{rel}","templated":true}]}}