{"id":39,"date":"2012-04-23T13:33:12","date_gmt":"2012-04-23T11:33:12","guid":{"rendered":"http:\/\/www.lilec.it\/cisq\/wp\/?page_id=39"},"modified":"2016-12-01T15:15:17","modified_gmt":"2016-12-01T14:15:17","slug":"link","status":"publish","type":"page","link":"http:\/\/www.lilec.it\/cisq\/link\/","title":{"rendered":"Link | Liens"},"content":{"rendered":"<p><!--:it--><a href=\"http:\/\/www.mri.gouv.qc.ca\/fr\/action_internationale\/representations_etranger\/europe\/italie\/rome\/index.asp\" target=\"_blank\">Agenzia Culturale del Qu\u00e9bec in Italia<\/a><br \/>\n<a href=\"http:\/\/www.gouv.qc.ca\" target=\"_blank\">Gouvernement du Qu\u00e9bec<\/a><br \/>\n<a href=\"http:\/\/www.mri.gouv.qc.ca\" target=\"_blank\">D\u00e9l\u00e9gation du Qu\u00e9bec \u00e0 Paris<\/a><br \/>\n<a href=\"http:\/\/www.dfait-maeci.gc.ca\/canadaeuropa\/italy\" target=\"_blank\">Ambasciata del Canada a Roma<\/a><br \/>\n<a href=\"http:\/\/www.canada-culture.org\/index.html\" target=\"_blank\">Centre culturel canadien\u00e0 Paris<\/a><br \/>\n<a href=\"http:\/\/www.lingue.unibo.it\/canada\" target=\"_blank\">Centro di studi sulla cultura le lettere e le arti canadesi di Bologna <\/a><br \/>\n<a href=\"http:\/\/www.aieq.qc.ca\" target=\"_blank\">Association internationale d\u2019\u00e9tudes qu\u00e9b\u00e9coises (AIEQ)<\/a><\/p>\n<p><a href=\"http:\/\/www2.umoncton.ca\/cfdocs\/aiea\/index.cfm\" target=\"_blank\">Association internationale des \u00e9tudes acadiennes (AIEA)<\/a><br \/>\n<a href=\"http:\/\/www.aiscan.it\" target=\"_blank\">Associazione italiana di studi canadesi (AISC)<\/a><br \/>\n<a href=\"http:\/\/www.iccs-ciec.ca\/\" target=\"_blank\">Conseil international d\u2019\u00e9tudes canadiennes (CIEC)<\/a><a href=\"http:\/\/www.uneq.qc.ca\" target=\"_blank\"><br \/>\nUnion des \u00e9crivaines Qu\u00e9b\u00e9cois (UNEQ)<\/a><\/p>\n<p><a href=\"http:\/\/www.cead.qc.ca\" target=\"_blank\">Centre des auteurs dramatiques (CEAD)<\/a><br \/>\n<a href=\"http:\/\/www.crilcq.org\" target=\"_blank\">Centre de recherche interuniversitaire sur la litt\u00e9rature et la culture qu\u00e9b\u00e9coises (CRILCQ)<\/a><br \/>\n<a href=\"http:\/\/www.lingue.unibo.it\/postcolonial_studies_centre\" target=\"_blank\">Centro di Studi sulle Letterature Omeoglotte dei Paesi Extra-europei, Universit\u00e0 di Bologna<\/a><br \/>\n<a href=\"http:\/\/www.lingue.unibo.it\/francofone\/index.htm\" target=\"_blank\">Dottorato di Ricerca in Letterature Francofone, Universit\u00e0 di Bologna<\/a><br \/>\n<a href=\"http:\/\/www.gouv.qc.ca\" target=\"_blank\">Gouvernement du Qu\u00e9bec<\/a><br \/>\n<a href=\"http:\/\/www.mri.gouv.qc.ca\" target=\"_blank\">D\u00e9l\u00e9gation du Qu\u00e9bec \u00e0 Paris<\/a><br \/>\n<a href=\"http:\/\/www.dfait-maeci.gc.ca\/canadaeuropa\/italy\" target=\"_blank\">Ambasciata del Canada a Roma<\/a><br \/>\n<a href=\"http:\/\/www.canada-culture.org\/index.html\" target=\"_blank\">Centre culturel canadien \u00e0 Paris<\/a><br \/>\n<a href=\"http:\/\/www.lingue.unibo.it\/canada;\" target=\"_blank\">Centro di studi sulla cultura le lettere e le arti canadesi di Bologna <\/a>\u00e0(Paris)<br \/>\n<a href=\"http:\/\/www.aieq.qc.ca\" target=\"_blank\">Association internationale d\u2019\u00e9tudes qu\u00e9b\u00e9coises (AIEQ)<\/a><br \/>\n<a href=\"http:\/\/www2.umoncton.ca\/cfdocs\/aiea\/index.cfm\" target=\"_blank\">Association internationale des \u00e9tudes acadiennes (AIEA)<\/a><br \/>\n<a href=\"http:\/\/www.aiscan.it\" target=\"_blank\">Associazione italiana di studi canadesi (AISC)<\/a><br \/>\n<a href=\"http:\/\/www.iccs-ciec.ca\/\" target=\"_blank\">Conseil international d\u2019\u00e9tudes canadiennes (CIEC)<\/a><a href=\"http:\/\/www.uneq.qc.ca\" target=\"_blank\">Union des \u00e9crivaines Qu\u00e9b\u00e9cois (UNEQ)<\/a><br \/>\n<a href=\"http:\/\/www.cead.qc.ca\" target=\"_blank\">Centre des auteurs dramatiques (CEAD)<\/a><br \/>\n<a href=\"http:\/\/www.crilcq.org\" target=\"_blank\">Centre de recherche interuniversitaire sur la litt\u00e9rature et la culture qu\u00e9b\u00e9coises (CRILCQ)<\/a><br \/>\n<a href=\"http:\/\/www.lingue.unibo.it\/postcolonial_studies_centre\" target=\"_blank\">Centro di Studi sulle Letterature Omeoglotte dei Paesi Extra-europei, Universit\u00e0 di Bologna<\/a><br \/>\n<a href=\"http:\/\/www.lingue.unibo.it\/francofone\/index.htm\" target=\"_blank\">Dottorato di Ricerca in Letterature Francofone, Universit\u00e0 di Bologna<\/a><\/p>\n<p><a href=\"http:\/\/www.litterature.org\" target=\"_blank\">Infocentre litt\u00e9raire des \u00e9crivains (ILE)<\/a><br \/>\n<a href=\"http:\/\/www.bnquebec.ca\" target=\"_blank\">Biblioth\u00e8que nationale du Qu\u00e9bec<\/a><br \/>\n<a href=\"http:\/\/www.collectionscanada.ca\/index-f.html\" target=\"_blank\">Biblioth\u00e8que nationale du Canada<\/a><br \/>\n<a href=\"http:\/\/www.mri.gouv.qc.ca\/paris\/en_france\/bibliotheque\/index.asp\" target=\"_blank\">Biblioth\u00e8que Gaston-Miron (D\u00e9l\u00e9gation g\u00e9n\u00e9rale du Qu\u00e9bec \u00e0 Paris)<\/a><br \/>\n<a href=\"http:\/\/www.sodep.qc.ca\" target=\"_blank\">Sodep (r\u00e9pertoire de revues culturelles)<\/a><br \/>\n<a href=\"http:\/\/www.entrevues.org\" target=\"_blank\">Entrevues<\/a> (r\u00e9pertoire de revues culturelles)<\/p>\n<p><a href=\"http:\/\/www.ulaval.ca\" target=\"_blank\">Universit\u00e9 Laval<\/a><br \/>\n<a href=\"http:\/\/www.mcgill.ca\" target=\"_blank\">Universit\u00e9 McGill<\/a><br \/>\n<a href=\"http:\/\/www.umontreal.ca\" target=\"_blank\">Universit\u00e9 de Montr\u00e9al<\/a><br \/>\n<a href=\"http:\/\/www.uquebec.ca\" target=\"_blank\">Universit\u00e9s du Qu\u00e9bec<\/a><!--:--><!--:fr--><a href=\"http:\/\/www.mri.gouv.qc.ca\/fr\/action_internationale\/representations_etranger\/europe\/italie\/rome\/index.asp\" target=\"_blank\">Agenzia Culturale del Qu\u00e9bec in Italia<\/a><br \/>\n<a href=\"http:\/\/www.gouv.qc.ca\" target=\"_blank\">Gouvernement du Qu\u00e9bec<\/a><br \/>\n<a href=\"http:\/\/www.mri.gouv.qc.ca\" target=\"_blank\">D\u00e9l\u00e9gation du Qu\u00e9bec \u00e0 Paris<\/a><br \/>\n<a href=\"http:\/\/www.dfait-maeci.gc.ca\/canadaeuropa\/italy\" target=\"_blank\">Ambasciata del Canada a Roma<\/a><br \/>\n<a href=\"http:\/\/www.canada-culture.org\/index.html\" target=\"_blank\">Centre culturel canadien\u00e0 Paris<\/a><br \/>\n<a href=\"http:\/\/www.lingue.unibo.it\/canada\" target=\"_blank\">Centro di studi sulla cultura le lettere e le arti canadesi di Bologna\u00a0<\/a><br \/>\n<a href=\"http:\/\/www.aieq.qc.ca\" target=\"_blank\">Association internationale d\u2019\u00e9tudes qu\u00e9b\u00e9coises (AIEQ)<\/a><\/p>\n<p><a href=\"http:\/\/www2.umoncton.ca\/cfdocs\/aiea\/index.cfm\" target=\"_blank\">Association internationale des \u00e9tudes acadiennes (AIEA)<\/a><br \/>\n<a href=\"http:\/\/www.aiscan.it\" target=\"_blank\">Associazione italiana di studi canadesi (AISC)<\/a><br \/>\n<a href=\"http:\/\/www.iccs-ciec.ca\/\" target=\"_blank\">Conseil international d\u2019\u00e9tudes canadiennes (CIEC)<\/a><a href=\"http:\/\/www.uneq.qc.ca\" target=\"_blank\"><br \/>\nUnion des \u00e9crivaines Qu\u00e9b\u00e9cois (UNEQ)<\/a><\/p>\n<p><a href=\"http:\/\/www.cead.qc.ca\" target=\"_blank\">Centre des auteurs dramatiques (CEAD)<\/a><br \/>\n<a href=\"http:\/\/www.crilcq.org\" target=\"_blank\">Centre de recherche interuniversitaire sur la litt\u00e9rature et la culture qu\u00e9b\u00e9coises (CRILCQ)<\/a><br \/>\n<a href=\"http:\/\/www.lingue.unibo.it\/postcolonial_studies_centre\" target=\"_blank\">Centro di Studi sulle Letterature Omeoglotte dei Paesi Extra-europei, Universit\u00e0 di Bologna<\/a><br \/>\n<a href=\"http:\/\/www.lingue.unibo.it\/francofone\/index.htm\" target=\"_blank\">Dottorato di Ricerca in Letterature Francofone, Universit\u00e0 di Bologna<\/a><br \/>\n<a href=\"http:\/\/www.gouv.qc.ca\" target=\"_blank\">Gouvernement du Qu\u00e9bec<\/a><br \/>\n<a href=\"http:\/\/www.mri.gouv.qc.ca\" target=\"_blank\">D\u00e9l\u00e9gation du Qu\u00e9bec \u00e0 Paris<\/a><br \/>\n<a href=\"http:\/\/www.dfait-maeci.gc.ca\/canadaeuropa\/italy\" target=\"_blank\">Ambasciata del Canada a Roma<\/a><br \/>\n<a href=\"http:\/\/www.canada-culture.org\/index.html\" target=\"_blank\">Centre culturel canadien \u00e0 Paris<\/a><br \/>\n<a href=\"http:\/\/www.lingue.unibo.it\/canada;\" target=\"_blank\">Centro di studi sulla cultura le lettere e le arti canadesi di Bologna\u00a0<\/a>\u00e0(Paris)<br \/>\n<a href=\"http:\/\/www.aieq.qc.ca\" target=\"_blank\">Association internationale d\u2019\u00e9tudes qu\u00e9b\u00e9coises (AIEQ)<\/a><br \/>\n<a href=\"http:\/\/www2.umoncton.ca\/cfdocs\/aiea\/index.cfm\" target=\"_blank\">Association internationale des \u00e9tudes acadiennes (AIEA)<\/a><br \/>\n<a href=\"http:\/\/www.aiscan.it\" target=\"_blank\">Associazione italiana di studi canadesi (AISC)<\/a><br \/>\n<a href=\"http:\/\/www.iccs-ciec.ca\/\" target=\"_blank\">Conseil international d\u2019\u00e9tudes canadiennes (CIEC)<\/a><a href=\"http:\/\/www.uneq.qc.ca\" target=\"_blank\">Union des \u00e9crivaines Qu\u00e9b\u00e9cois (UNEQ)<\/a><br \/>\n<a href=\"http:\/\/www.cead.qc.ca\" target=\"_blank\">Centre des auteurs dramatiques (CEAD)<\/a><br \/>\n<a href=\"http:\/\/www.crilcq.org\" target=\"_blank\">Centre de recherche interuniversitaire sur la litt\u00e9rature et la culture qu\u00e9b\u00e9coises (CRILCQ)<\/a><br \/>\n<a href=\"http:\/\/www.lingue.unibo.it\/postcolonial_studies_centre\" target=\"_blank\">Centro di Studi sulle Letterature Omeoglotte dei Paesi Extra-europei, Universit\u00e0 di Bologna<\/a><br \/>\n<a href=\"http:\/\/www.lingue.unibo.it\/francofone\/index.htm\" target=\"_blank\">Dottorato di Ricerca in Letterature Francofone, Universit\u00e0 di Bologna<\/a><\/p>\n<p><a href=\"http:\/\/www.litterature.org\" target=\"_blank\">Infocentre litt\u00e9raire des \u00e9crivains (ILE)<\/a><br \/>\n<a href=\"http:\/\/www.bnquebec.ca\" target=\"_blank\">Biblioth\u00e8que nationale du Qu\u00e9bec<\/a><br \/>\n<a href=\"http:\/\/www.collectionscanada.ca\/index-f.html\" target=\"_blank\">Biblioth\u00e8que nationale du Canada<\/a><br \/>\n<a href=\"http:\/\/www.mri.gouv.qc.ca\/paris\/en_france\/bibliotheque\/index.asp\" target=\"_blank\">Biblioth\u00e8que Gaston-Miron (D\u00e9l\u00e9gation g\u00e9n\u00e9rale du Qu\u00e9bec \u00e0 Paris)<\/a><br \/>\n<a href=\"http:\/\/www.sodep.qc.ca\" target=\"_blank\">Sodep (r\u00e9pertoire de revues culturelles)<\/a><br \/>\n<a href=\"http:\/\/www.entrevues.org\" target=\"_blank\">Entrevues<\/a>\u00a0(r\u00e9pertoire de revues culturelles)<\/p>\n<p><a href=\"http:\/\/www.ulaval.ca\" target=\"_blank\">Universit\u00e9 Laval<\/a><br \/>\n<a href=\"http:\/\/www.mcgill.ca\" target=\"_blank\">Universit\u00e9 McGill<\/a><br \/>\n<a href=\"http:\/\/www.umontreal.ca\" target=\"_blank\">Universit\u00e9 de Montr\u00e9al<\/a><br \/>\n<a href=\"http:\/\/www.uquebec.ca\" target=\"_blank\">Universit\u00e9s du Qu\u00e9bec<\/a><!--:--><\/p>\n","protected":false},"excerpt":{"rendered":"<p> [&hellip;]<\/p>\n","protected":false},"author":6,"featured_media":0,"parent":0,"menu_order":0,"comment_status":"closed","ping_status":"closed","template":"100-width.php","meta":{"footnotes":""},"class_list":["post-39","page","type-page","status-publish","hentry"],"_links":{"self":[{"href":"http:\/\/www.lilec.it\/cisq\/wp-json\/wp\/v2\/pages\/39"}],"collection":[{"href":"http:\/\/www.lilec.it\/cisq\/wp-json\/wp\/v2\/pages"}],"about":[{"href":"http:\/\/www.lilec.it\/cisq\/wp-json\/wp\/v2\/types\/page"}],"author":[{"embeddable":true,"href":"http:\/\/www.lilec.it\/cisq\/wp-json\/wp\/v2\/users\/6"}],"replies":[{"embeddable":true,"href":"http:\/\/www.lilec.it\/cisq\/wp-json\/wp\/v2\/comments?post=39"}],"version-history":[{"count":14,"href":"http:\/\/www.lilec.it\/cisq\/wp-json\/wp\/v2\/pages\/39\/revisions"}],"predecessor-version":[{"id":950,"href":"http:\/\/www.lilec.it\/cisq\/wp-json\/wp\/v2\/pages\/39\/revisions\/950"}],"wp:attachment":[{"href":"http:\/\/www.lilec.it\/cisq\/wp-json\/wp\/v2\/media?parent=39"}],"curies":[{"name":"wp","href":"https:\/\/api.w.org\/{rel}","templated":true}]}}