{"id":4,"date":"2012-04-23T09:29:10","date_gmt":"2012-04-23T09:29:10","guid":{"rendered":"http:\/\/www.lilec.it\/cisq\/wp\/?page_id=4"},"modified":"2022-11-22T12:31:03","modified_gmt":"2022-11-22T11:31:03","slug":"presentazione-2","status":"publish","type":"page","link":"http:\/\/www.lilec.it\/cisq\/","title":{"rendered":""},"content":{"rendered":"<p><div class=\"fusion-fullwidth fullwidth-box fusion-builder-row-1 nonhundred-percent-fullwidth non-hundred-percent-height-scrolling\" style=\"--awb-border-radius-top-left:0px;--awb-border-radius-top-right:0px;--awb-border-radius-bottom-right:0px;--awb-border-radius-bottom-left:0px;--awb-flex-wrap:wrap;\" ><div class=\"fusion-builder-row fusion-row\"><div class=\"fusion-layout-column fusion_builder_column fusion-builder-column-0 fusion_builder_column_1_2 1_2 fusion-one-half fusion-column-first\" style=\"--awb-bg-size:cover;--awb-margin-bottom:0px;width:48%; margin-right: 4%;\"><div class=\"fusion-column-wrapper fusion-flex-column-wrapper-legacy\"><div class=\"fusion-text fusion-text-1\"><p><!--:it--><\/p>\n<p style=\"text-align: justify;\">Il Centro Interuniversitario di Studi Quebecchesi (CISQ) si \u00e8 costituito nel 1998 a partire da un gi\u00e0 esistente Centro di Studi Quebecchesi (CSQ) fondato a Bologna nel 1984 da Franca Marcato. Il CISQ \u00e8 oggi composto da 10 Unit\u00e0 Operative: Bologna (sede organizzativa e amministrativa), Bari, Firenze, Genova, Milano, Unint di Roma, Torino, Trento, Trieste, Venezia.<\/p>\n<p style=\"text-align: justify;\">Scopo del Centro \u00e8 quello di sviluppare iniziative di ricerca nei diversi settori della cultura francofona del Canada, con particolare riguardo per la lingua e la letteratura del Quebec. Il Centro favorisce inoltre la raccolta e lo scambio di documentazione, informazioni e materiali di ricerca; organizza, anche in collaborazioni con altri centri e istituzioni, conferenze, seminari e convegni internazionali, pubblicandone i risultati scientifici; infine traduce e divulga testi significativi della letteratura quebecchese.<\/p>\n<p style=\"text-align: justify;\">Nella Biblioteca del Dipartimento di Lingue e Letterature Straniere Moderne dell\u2019Universit\u00e0 di Bologna \u00e8 custodito un rilevante numero di opere letterarie e critiche relative al Qu\u00e9bec, nonch\u00e9 di riviste. Ulteriore materiale si pu\u00f2 trovare presso la Biblioteca di Discipline Umanistiche di Bologna, cos\u00ec come nelle Biblioteche delle altre Unit\u00e0 Operative del Centro. Tale patrimonio viene periodicamente aggiornato.<\/p>\n<p style=\"text-align: justify;\">Un lettore di scambio canadese di lingua francese collabora alle attivit\u00e0 del Centro presso la sede di Bologna.<\/p>\n<p style=\"text-align: justify;\">Diversi insegnamenti di letterature di lingua francese, fra cui quello della letteratura quebecchese, sono tenuti dai membri del Centro nelle loro rispettive universit\u00e0 &#8211; anche se la didattica non \u00e8 diretta competenza del CISQ.<\/p>\n<p style=\"text-align: justify;\">Presso il Dipartimento di Lingue, Letterature e Culture Moderne, durante il Dottorato \u00e8 possibile studiare la lingua e la letteratura quebecchesi.<\/p>\n<p><!--:--><\/p>\n<\/div><div class=\"fusion-clearfix\"><\/div><\/div><\/div><div class=\"fusion-layout-column fusion_builder_column fusion-builder-column-1 fusion_builder_column_1_2 1_2 fusion-one-half fusion-column-last\" style=\"--awb-bg-size:cover;--awb-margin-bottom:0px;width:48%;\"><div class=\"fusion-column-wrapper fusion-flex-column-wrapper-legacy\"><div class=\"fusion-text fusion-text-2\"><p><!--:it--><\/p>\n<p style=\"text-align: justify;\">Le Centre interuniversitaire d\u2019\u00e9tudes qu\u00e9b\u00e9coises (CISQ) est n\u00e9 en 1998 de la refonte du Centre d\u2019\u00e9tudes qu\u00e9b\u00e9coises (CSQ) cr\u00e9\u00e9 \u00e0 Bologne en 1984 par Franca Marcato. Aujourd&#8217;hui, le CISQ est compos\u00e9 de 10 unit\u00e9s op\u00e9ratives: Bologne (si\u00e8ge organisationnel et administratif), Bari, Florence, G\u00eanes, Milan, Unint de Rome, Trente, Trieste, Turin et Venise.<\/p>\n<p style=\"text-align: justify;\">Le Centre a comme mission le d\u00e9veloppement d\u2019initiatives de recherche dans les divers secteurs de la culture francophone du Canada avec une attention particuli\u00e8re pour la langue et la\u00a0litt\u00e9rature du Qu\u00e9bec. En outre, le Centre recueille et \u00e9change de la documentation, de l\u2019information et du mat\u00e9riel de recherche; et organise, parfois en collaboration avec d\u2019autres centres et institutions, des conf\u00e9rences, des s\u00e9minaires et des colloques internationaux, et en publie les r\u00e9sultats scientifiques. Enfin, il traduit et diffuse des textes significatifs de la litt\u00e9rature qu\u00e9b\u00e9coise.<\/p>\n<p style=\"text-align: justify;\">Dans la Biblioth\u00e8que du D\u00e9partement de Langues et Litt\u00e9ratures Etrang\u00e8res Modernes de l\u2019Universit\u00e9 de Bologne se trouve un nombre important de revues et d\u2019\u0153uvres litt\u00e9raires et critiques relatives au Qu\u00e9bec. D\u2019autres livres peuvent \u00eatre consult\u00e9s \u00e0 la Biblioth\u00e8que des Sciences Humaines de Bologne ainsi que dans les Biblioth\u00e8ques des autres Unit\u00e9s Op\u00e9ratives du Centre. Ce patrimoine est p\u00e9riodiquement mis \u00e0 jour.<\/p>\n<p style=\"text-align: justify;\">Un lecteur d\u2019\u00e9change canadien de langue fran\u00e7aise collabore aux activit\u00e9s du Centre aupr\u00e8s du si\u00e8ge de Bologne.<\/p>\n<p style=\"text-align: justify;\">Sans toutefois faire directement partie des activit\u00e9s du CISQ, divers cours de litt\u00e9ratures de langue fran\u00e7aise, dont la litt\u00e9rature qu\u00e9b\u00e9coise, sont donn\u00e9s par des membres du Centre dans leur universit\u00e9 respective.<\/p>\n<p>Au D\u00e9partement de Langues, Litt\u00e9ratures et Cultures Modernes, il est possible d&#8217;\u00e9tudier la langue et la litt\u00e9rature qu\u00e9b\u00e9coises au niveau doctoral.<\/p>\n<p><!--:--><\/p>\n<\/div><div class=\"fusion-clearfix\"><\/div><\/div><\/div><\/div><\/div><div class=\"fusion-fullwidth fullwidth-box fusion-builder-row-2 fusion-flex-container nonhundred-percent-fullwidth non-hundred-percent-height-scrolling\" style=\"--awb-border-radius-top-left:0px;--awb-border-radius-top-right:0px;--awb-border-radius-bottom-right:0px;--awb-border-radius-bottom-left:0px;--awb-padding-left:46px;--awb-flex-wrap:wrap;\" ><div class=\"fusion-builder-row fusion-row fusion-flex-align-items-stretch fusion-flex-content-wrap\" style=\"max-width:1144px;margin-left: calc(-4% \/ 2 );margin-right: calc(-4% \/ 2 );\"><div class=\"fusion-layout-column fusion_builder_column fusion-builder-column-2 fusion_builder_column_1_1 1_1 fusion-flex-column\" style=\"--awb-bg-size:cover;--awb-width-large:100%;--awb-margin-top-large:0px;--awb-spacing-right-large:1.92%;--awb-margin-bottom-large:20px;--awb-spacing-left-large:1.92%;--awb-width-medium:100%;--awb-order-medium:0;--awb-spacing-right-medium:1.92%;--awb-spacing-left-medium:1.92%;--awb-width-small:100%;--awb-order-small:0;--awb-spacing-right-small:1.92%;--awb-spacing-left-small:1.92%;\"><div class=\"fusion-column-wrapper fusion-column-has-shadow fusion-flex-justify-content-flex-start fusion-content-layout-column\"><div class=\"fusion-alert alert success alert-success fusion-alert-center fusion-no-large-visibility awb-alert-native-link-color alert-dismissable awb-alert-close-boxed\" role=\"alert\"><div class=\"fusion-alert-content-wrapper\"><span class=\"alert-icon\"><i class=\"awb-icon-check-circle\" aria-hidden=\"true\"><\/i><\/span><span class=\"fusion-alert-content\"><p><b>*Aggiornamento 10 aprile 2022.<\/b><\/p>\n<p>La Commissione designata per l\u2019assegnazione di una borsa di ricerca AIEQ, riunitasi in data 25 marzo 2022 (ore 17.30, su Piattaforma Teams), ha valutato i tre progetti che sono stati inviati e all\u2019unanimit\u00e0 ha stilato la seguente graduatoria di merito :\u00a0<\/p>\n<p>1. progetto della dott.ssa Nora Gattiglia ;\u00a0<\/p>\n<p>2. progetto del dott. Fernando Funari ;\u00a0<\/p>\n<p>3. progetto della dott.ssa Silvia Boraso.\u00a0 \u00a0<\/p>\n<p>Pertanto, la borsa di ricerca dell&#8217;AIEQ \u00e8 assegnata al progetto <b>Populisme(s) de gauche au Qu\u00e9bec: repr\u00e9sentation et usages discursifs de &#8220;populisme\/populiste&#8221; dans les tweets autour du parti Qu\u00e9bec Solidaire<\/b> della dott.ssa Nora GATTIGLIA<\/p><\/span><\/div><button type=\"button\" class=\"close toggle-alert\" data-dismiss=\"alert\" aria-label=\"Chiudi\">&times;<\/button><\/div><\/div><\/div><\/div><\/div><div class=\"fusion-fullwidth fullwidth-box fusion-builder-row-3 fusion-flex-container nonhundred-percent-fullwidth non-hundred-percent-height-scrolling\" style=\"--awb-border-radius-top-left:0px;--awb-border-radius-top-right:0px;--awb-border-radius-bottom-right:0px;--awb-border-radius-bottom-left:0px;--awb-flex-wrap:wrap;\" ><div class=\"fusion-builder-row fusion-row fusion-flex-align-items-flex-start fusion-flex-content-wrap\" style=\"max-width:1144px;margin-left: calc(-4% \/ 2 );margin-right: calc(-4% \/ 2 );\"><div class=\"fusion-layout-column fusion_builder_column fusion-builder-column-3 fusion_builder_column_1_1 1_1 fusion-flex-column\" style=\"--awb-bg-size:cover;--awb-width-large:100%;--awb-margin-top-large:0px;--awb-spacing-right-large:1.92%;--awb-margin-bottom-large:20px;--awb-spacing-left-large:1.92%;--awb-width-medium:100%;--awb-order-medium:0;--awb-spacing-right-medium:1.92%;--awb-spacing-left-medium:1.92%;--awb-width-small:100%;--awb-order-small:0;--awb-spacing-right-small:1.92%;--awb-spacing-left-small:1.92%;\"><div class=\"fusion-column-wrapper fusion-column-has-shadow fusion-flex-justify-content-flex-start fusion-content-layout-column\"><div class=\"fusion-text fusion-text-3\"><p><b style=\"font-size: 15px;\" data-fusion-font=\"true\">L&#8217;Ordre des francophones d&#8217;Am\u00e9rique d\u00e9cern\u00e9e \u00e0 la professeure Paola Puccini<\/b><\/p>\n<p>Tutte le nostre congratulazioni alla prof.ssa Paola Puccini, responsabile della sede bolognese del CISQ, per l\u2019importante onorificenza conferitale dal minist\u00e8re de la Langue Fran\u00e7aise du Qu\u00e9bec. La professoressa Puccini \u00e8 stata decorata con \u201cL&#8217;Ordre des francophones d&#8217;Am\u00e9rique\u201d. A lei i complimenti del CISQ ! <\/p>\n<p><span style=\"color: var(--body_typography-color); font-family: var(--body_typography-font-family); font-size: var(--body_typography-font-size); font-style: var(--body_typography-font-style,normal); letter-spacing: var(--body_typography-letter-spacing);\">&#8212;<\/span>L\u2019Ordre des francophones d\u2019Am\u00e9rique est une d\u00e9coration d\u00e9cern\u00e9e annuellement depuis 1978 par le Conseil sup\u00e9rieur de la langue fran\u00e7aise, et depuis 2022, par le minist\u00e8re de la Langue fran\u00e7aise. Cette distinction reconna\u00eet les m\u00e9rites de personnes qui se sont consacr\u00e9es ou qui se consacrent au maintien et \u00e0 l&#8217;\u00e9panouissement de la langue fran\u00e7aise en Am\u00e9rique, ou qui ont accord\u00e9 leur soutien \u00e0 l&#8217;essor de la vie fran\u00e7aise sur le continent am\u00e9ricain.<\/p><\/p>\n<\/div><div class=\"fusion-image-element \" style=\"--awb-caption-title-font-family:var(--h2_typography-font-family);--awb-caption-title-font-weight:var(--h2_typography-font-weight);--awb-caption-title-font-style:var(--h2_typography-font-style);--awb-caption-title-size:var(--h2_typography-font-size);--awb-caption-title-transform:var(--h2_typography-text-transform);--awb-caption-title-line-height:var(--h2_typography-line-height);--awb-caption-title-letter-spacing:var(--h2_typography-letter-spacing);\"><span class=\" fusion-imageframe imageframe-none imageframe-1 hover-type-none\"><img decoding=\"async\" width=\"200\" height=\"300\" title=\"OFA_audetphoto_nov_2022-14\" src=\"http:\/\/www.lilec.it\/cisq\/wp\/wp-content\/uploads\/2022\/11\/OFA_audetphoto_nov_2022-14-200x300.jpg\" alt class=\"img-responsive wp-image-1628\" srcset=\"http:\/\/www.lilec.it\/cisq\/wp\/wp-content\/uploads\/2022\/11\/OFA_audetphoto_nov_2022-14-200x300.jpg 200w, http:\/\/www.lilec.it\/cisq\/wp\/wp-content\/uploads\/2022\/11\/OFA_audetphoto_nov_2022-14-400x600.jpg 400w, http:\/\/www.lilec.it\/cisq\/wp\/wp-content\/uploads\/2022\/11\/OFA_audetphoto_nov_2022-14-600x899.jpg 600w, http:\/\/www.lilec.it\/cisq\/wp\/wp-content\/uploads\/2022\/11\/OFA_audetphoto_nov_2022-14-800x1199.jpg 800w, http:\/\/www.lilec.it\/cisq\/wp\/wp-content\/uploads\/2022\/11\/OFA_audetphoto_nov_2022-14-1200x1799.jpg 1200w, http:\/\/www.lilec.it\/cisq\/wp\/wp-content\/uploads\/2022\/11\/OFA_audetphoto_nov_2022-14.jpg 1601w\" sizes=\"(max-width: 1024px) 100vw, (max-width: 640px) 100vw, 1200px\" \/><\/span><\/div><\/div><\/div><\/div><\/div><div class=\"fusion-fullwidth fullwidth-box fusion-builder-row-4 fusion-flex-container nonhundred-percent-fullwidth non-hundred-percent-height-scrolling\" style=\"--awb-border-radius-top-left:0px;--awb-border-radius-top-right:0px;--awb-border-radius-bottom-right:0px;--awb-border-radius-bottom-left:0px;--awb-flex-wrap:wrap;\" ><div class=\"fusion-builder-row fusion-row fusion-flex-align-items-flex-start fusion-flex-content-wrap\" style=\"max-width:1144px;margin-left: calc(-4% \/ 2 );margin-right: calc(-4% \/ 2 );\"><div class=\"fusion-layout-column fusion_builder_column fusion-builder-column-4 fusion_builder_column_1_1 1_1 fusion-flex-column\" style=\"--awb-bg-size:cover;--awb-width-large:100%;--awb-margin-top-large:0px;--awb-spacing-right-large:1.92%;--awb-margin-bottom-large:20px;--awb-spacing-left-large:1.92%;--awb-width-medium:100%;--awb-order-medium:0;--awb-spacing-right-medium:1.92%;--awb-spacing-left-medium:1.92%;--awb-width-small:100%;--awb-order-small:0;--awb-spacing-right-small:1.92%;--awb-spacing-left-small:1.92%;\"><div class=\"fusion-column-wrapper fusion-column-has-shadow fusion-flex-justify-content-flex-start fusion-content-layout-column\"><div class=\"fusion-text fusion-text-4\"><p><b><a href=\"http:\/\/www.lilec.it\/cisq\/event\/bando-borse-di-ricerca-in-studi-quebecchesi-2021-aieq-association-internationale-detudes-quebecoises-cisq-centro-interuniversitario-di-studi-quebecchesi\/\">BORSA DI RICERCA IN STUDI QUEBECCHESI \u2013 2021\/2022 AIEQ (ASSOCIATION INTERNATIONALE D\u2019\u00c9TUDES QU\u00c9B\u00c9COISES) CISQ (CENTRO INTERUNIVERSITARIO DI STUDI QUEBECCHESI)<\/a><br \/><\/b><\/p>\n<p>*Aggiornamento 10 aprile 2022. <\/p>\n<p>La Commissione designata per l\u2019assegnazione di una borsa di ricerca AIEQ, riunitasi in data 25 marzo 2022 (ore 17.30, su Piattaforma Teams), ha valutato i tre progetti che sono stati inviati e all\u2019unanimit\u00e0 ha stilato la seguente graduatoria di merito : <\/p>\n<p> 1. progetto della dott.ssa Nora Gattiglia ; <\/p>\n<p> 2. progetto del dott. Fernando Funari ; <\/p>\n<p> 3. progetto della dott.ssa Silvia Boraso. <\/p>\n<p> Pertanto, la borsa di ricerca dell&#8217;AIEQ \u00e8 assegnata al progetto <i><b>Populisme(s) de gauche au Qu\u00e9bec: repr\u00e9sentation et usages discursifs de &#8220;populisme\/populiste&#8221; dans les tweets autour du parti Qu\u00e9bec Solidaire<\/b><\/i> della dott.ssa Nora GATTIGLIA<\/p>\n<p>La borsa di studio CISQ-AEIQ relativa all\u2019edizione precedente 2021-2022 \u00e8 stata attribuita alla dott.ssa Eleonona Marzi dell\u2019Universit\u00e0 di Bologna per il progetto dal titolo : \u00ab Les strat\u00e9gies linguistiques employ\u00e9es pour la repr\u00e9sentation des migrants au Qu\u00e9bec : entre discours public et g\u00e9ographie de la ville de Montr\u00e9al \u00bb, a cui vanno le nostre congratulazioni.<\/p><\/p>\n<\/div><\/div><\/div><\/div><\/div><\/p>\n","protected":false},"excerpt":{"rendered":"","protected":false},"author":6,"featured_media":0,"parent":0,"menu_order":0,"comment_status":"closed","ping_status":"open","template":"","meta":{"footnotes":""},"class_list":["post-4","page","type-page","status-publish","hentry"],"_links":{"self":[{"href":"http:\/\/www.lilec.it\/cisq\/wp-json\/wp\/v2\/pages\/4"}],"collection":[{"href":"http:\/\/www.lilec.it\/cisq\/wp-json\/wp\/v2\/pages"}],"about":[{"href":"http:\/\/www.lilec.it\/cisq\/wp-json\/wp\/v2\/types\/page"}],"author":[{"embeddable":true,"href":"http:\/\/www.lilec.it\/cisq\/wp-json\/wp\/v2\/users\/6"}],"replies":[{"embeddable":true,"href":"http:\/\/www.lilec.it\/cisq\/wp-json\/wp\/v2\/comments?post=4"}],"version-history":[{"count":47,"href":"http:\/\/www.lilec.it\/cisq\/wp-json\/wp\/v2\/pages\/4\/revisions"}],"predecessor-version":[{"id":1631,"href":"http:\/\/www.lilec.it\/cisq\/wp-json\/wp\/v2\/pages\/4\/revisions\/1631"}],"wp:attachment":[{"href":"http:\/\/www.lilec.it\/cisq\/wp-json\/wp\/v2\/media?parent=4"}],"curies":[{"name":"wp","href":"https:\/\/api.w.org\/{rel}","templated":true}]}}