{"id":24,"date":"2017-02-14T16:10:41","date_gmt":"2017-02-14T15:10:41","guid":{"rendered":"http:\/\/www.lilec.it\/francofonia\/?page_id=24"},"modified":"2017-12-06T15:07:54","modified_gmt":"2017-12-06T14:07:54","slug":"lire-leggere","status":"publish","type":"page","link":"http:\/\/www.lilec.it\/francofonia\/lire-leggere\/","title":{"rendered":"Lire \/ Leggere"},"content":{"rendered":"<div class=\"fusion-fullwidth fullwidth-box fusion-builder-row-1 nonhundred-percent-fullwidth non-hundred-percent-height-scrolling\" style=\"--awb-border-radius-top-left:0px;--awb-border-radius-top-right:0px;--awb-border-radius-bottom-right:0px;--awb-border-radius-bottom-left:0px;--awb-flex-wrap:wrap;\" ><div class=\"fusion-builder-row fusion-row\"><div class=\"fusion-layout-column fusion_builder_column fusion-builder-column-0 fusion_builder_column_1_1 1_1 fusion-one-full fusion-column-first fusion-column-last\" style=\"--awb-bg-size:cover;--awb-margin-bottom:0px;\"><div class=\"fusion-column-wrapper fusion-flex-column-wrapper-legacy\"><div class=\"fusion-text fusion-text-1\"><p class=\"p1\"><strong>La revue <em>Francofonia<\/em> est disponible sur un double support.<\/strong><\/p>\n<p class=\"p1\">\u00a0 \u00a0 \u00a0 \u00a0 \u00a0 \u00a0 \u00a0 \u00a0 \u00a0 \u00a0 \u00a0 \u00a0 \u00a0 <a href=\"https:\/\/www.jstor.org\/journal\/francofonia\"><img decoding=\"async\" class=\"alignnone wp-image-321\" src=\"http:\/\/www.lilec.it\/francofonia\/wp\/wp-content\/uploads\/2017\/03\/JSTOR_Logo_RGB_60x76-1.gif\" alt=\"\" width=\"85\" height=\"108\" \/><\/a>\u00a0 \u00a0 \u00a0 \u00a0 \u00a0 \u00a0 \u00a0 \u00a0 \u00a0 \u00a0 \u00a0 \u00a0 \u00a0 \u00a0 \u00a0 \u00a0 \u00a0 \u00a0 \u00a0 \u00a0 \u00a0 \u00a0\u00a0<a href=\"http:\/\/digital.casalini.it\/20365659\" target=\"_blank\" rel=\"noopener\"><img decoding=\"async\" class=\"alignnone wp-image-2125\" src=\"http:\/\/www.lilec.it\/francofonia\/wp\/wp-content\/uploads\/2017\/12\/WhatsApp-Image-2017-12-01-at-11.49.42-1.jpeg\" alt=\"\" width=\"103\" height=\"103\" srcset=\"http:\/\/www.lilec.it\/francofonia\/wp\/wp-content\/uploads\/2017\/12\/WhatsApp-Image-2017-12-01-at-11.49.42-1-66x66.jpeg 66w, http:\/\/www.lilec.it\/francofonia\/wp\/wp-content\/uploads\/2017\/12\/WhatsApp-Image-2017-12-01-at-11.49.42-1-150x150.jpeg 150w, http:\/\/www.lilec.it\/francofonia\/wp\/wp-content\/uploads\/2017\/12\/WhatsApp-Image-2017-12-01-at-11.49.42-1.jpeg 175w\" sizes=\"(max-width: 103px) 100vw, 103px\" \/><\/a>\u00a0 \u00a0 \u00a0 \u00a0 \u00a0 \u00a0 \u00a0 \u00a0 \u00a0 \u00a0 \u00a0 \u00a0 \u00a0 \u00a0 \u00a0 \u00a0 \u00a0 \u00a0 \u00a0 \u00a0 \u00a0 \u00a0\u00a0<a href=\"https:\/\/www.olschki.it\/riviste\/6\"><img decoding=\"async\" class=\"alignnone wp-image-936\" src=\"http:\/\/www.lilec.it\/francofonia\/wp\/wp-content\/uploads\/2017\/02\/OLSCHKI_logo.250px.png\" alt=\"\" width=\"185\" height=\"124\" srcset=\"http:\/\/www.lilec.it\/francofonia\/wp\/wp-content\/uploads\/2017\/02\/OLSCHKI_logo.250px-200x134.png 200w, http:\/\/www.lilec.it\/francofonia\/wp\/wp-content\/uploads\/2017\/02\/OLSCHKI_logo.250px.png 250w\" sizes=\"(max-width: 185px) 100vw, 185px\" \/><\/a><\/p>\n<p class=\"p1\">En format \u00e9lectronique, elle est disponible sur la plateforme <strong>Jstor\u00a0<\/strong>\u00e0 <a href=\"https:\/\/www.jstor.org\/journal\/francofonia\">cette adresse<\/a>, avec une barri\u00e8re mobile de trois ans,\u00a0c\u2019est-\u00e0-dire que chaque num\u00e9ro y est publi\u00e9 en version num\u00e9rique trois ans apr\u00e8s le volume papier.<\/p>\n<p class=\"p1\">La version papier de <em>Francofonia<\/em> est publi\u00e9e par l&#8217;\u00e9diteur <strong><a href=\"https:\/\/www.olschki.it\/riviste\/6\">Olschki<\/a>\u00a0<\/strong>et c&#8217;est lui qui s&#8217;occupe directement de la vente.<\/p>\n<p class=\"p1\">Voici toutes les informations\u00a0n\u00e9cessaires pour s&#8217;abonner ou pour acheter un num\u00e9ro de la revue:<\/p>\n<ul>\n<li class=\"p1\"><span style=\"text-decoration: underline;\">Tarifs pour les institutions:<\/span><\/li>\n<\/ul>\n<p class=\"p1\">L\u2019abonnement r\u00e9serv\u00e9 aux institutions inclut l\u2019acc\u00e8s \u00e0 la revue en ligne, sur la plateforme Torrossa. Les livraisons disponibles pour le t\u00e9l\u00e9chargement ou pour la lecture en ligne vont du num\u00e9ro 56 au num\u00e9ro 72.\u00a0 Les abonn\u00e9s peuvent y acc\u00e9der en effectuant une recherche simple ou avanc\u00e9e dans le catalogue de la plateforme (par titre ou par \u00e9diteur), ou bien en cliquant directement sur <a href=\"http:\/\/digital.casalini.it\/20365659\" target=\"_blank\" rel=\"noopener\">ce lien<\/a>, \u00e0 condition que le r\u00e9seau internet de l&#8217;utilisateur soit enregistr\u00e9 sur Torrossa et que son adresse IP soit reconnue par la plateforme.<\/p>\n<p class=\"p1\">Toute question concernant l&#8217;adresse IP et la proc\u00e9dure d\u2019activation du compte doit \u00eatre transmise \u00e0 <a href=\"mailto:abbonamento%20Francofonia%20-%20Istituzioni?subject=periodici%40olschki.it\"><span class=\"s1\">periodici@olschki.it<\/span><\/a><\/p>\n<p class=\"p1\"><strong>Abonnement annuel (deux num\u00e9ros)<\/strong><\/p>\n<p class=\"p1\">Italie: \u20ac\u00a084,00 <span class=\"s2\">\u2022<\/span>\u00a0\u00c9tranger: \u20ac\u00a098,00<\/p>\n<p class=\"p2\">en ligne uniquement: \u20ac\u00a076,00<\/p>\n<ul>\n<li class=\"p3\"><span style=\"text-decoration: underline;\">Tarifs pour les particuliers:<\/span><\/li>\n<\/ul>\n<p class=\"p4\"><strong>Abonnement annuel (deux num\u00e9ros)<\/strong><\/p>\n<p class=\"p4\">Italie: \u20ac 63,00 <span class=\"s2\">\u2022<\/span>\u00a0\u00c9tranger \u20ac\u00a078,00<\/p>\n<p class=\"p3\"><strong>Achat d&#8217;un num\u00e9ro:<\/strong><\/p>\n<p class=\"p3\">Italie \u20ac 46,00 \u2022 \u00c9tranger \u20ac 52,00<\/p>\n<ul>\n<li class=\"p6\"><span style=\"text-decoration: underline;\">Comment effectuer le paiement: <\/span><\/li>\n<\/ul>\n<ol>\n<li class=\"p3\"><span style=\"text-decoration: underline;\">Par virement bancaire<\/span>: \u00a0Monte dei Paschi di Siena, Agenzia 36,<span class=\"Apple-converted-space\">\u00a0 <\/span>Viale Europa, 50126 Firenze<br \/>\nIBAN: \u00a0IT 77 Y 01030 02833 000001545027 &#8211; BIC: PASCITM1W31<\/li>\n<li class=\"p3\"><span style=\"text-decoration: underline;\">Par carte de cr\u00e9dit<\/span> en indiquant les 16 chiffres, la date d\u2019\u00e9ch\u00e9ance et le code CVC indiqu\u00e9 au verso<\/li>\n<li class=\"p3\"><span style=\"text-decoration: underline;\">Par courrier<\/span> sur le c.c.p. de l&#8217;\u00e9diteur (n\u00b0 12.707.501)<span class=\"Apple-converted-space\">\u00a0<\/span><\/li>\n<li class=\"p3\"><span style=\"text-decoration: underline;\">Par ch\u00e8que<\/span> adress\u00e9 \u00e0: Casa editrice Leo S. Olschki<\/li>\n<\/ol>\n<p class=\"p3\"><span class=\"Apple-converted-space\">\u00a0<\/span><\/p>\n<p>Pour toute information compl\u00e9mentaire, merci\u00a0de vous adresser directement \u00e0 notre \u00e9diteur: <a href=\"mailto:periodici@olschki.it\">periodici@olschki.it<\/a><\/p>\n<\/div><div class=\"fusion-clearfix\"><\/div><\/div><\/div><\/div><\/div>\n","protected":false},"excerpt":{"rendered":"","protected":false},"author":1,"featured_media":0,"parent":0,"menu_order":0,"comment_status":"closed","ping_status":"closed","template":"","meta":{"footnotes":""},"class_list":["post-24","page","type-page","status-publish","hentry"],"_links":{"self":[{"href":"http:\/\/www.lilec.it\/francofonia\/wp-json\/wp\/v2\/pages\/24","targetHints":{"allow":["GET"]}}],"collection":[{"href":"http:\/\/www.lilec.it\/francofonia\/wp-json\/wp\/v2\/pages"}],"about":[{"href":"http:\/\/www.lilec.it\/francofonia\/wp-json\/wp\/v2\/types\/page"}],"author":[{"embeddable":true,"href":"http:\/\/www.lilec.it\/francofonia\/wp-json\/wp\/v2\/users\/1"}],"replies":[{"embeddable":true,"href":"http:\/\/www.lilec.it\/francofonia\/wp-json\/wp\/v2\/comments?post=24"}],"version-history":[{"count":35,"href":"http:\/\/www.lilec.it\/francofonia\/wp-json\/wp\/v2\/pages\/24\/revisions"}],"predecessor-version":[{"id":2128,"href":"http:\/\/www.lilec.it\/francofonia\/wp-json\/wp\/v2\/pages\/24\/revisions\/2128"}],"wp:attachment":[{"href":"http:\/\/www.lilec.it\/francofonia\/wp-json\/wp\/v2\/media?parent=24"}],"curies":[{"name":"wp","href":"https:\/\/api.w.org\/{rel}","templated":true}]}}