{"id":296,"date":"2017-03-02T10:09:48","date_gmt":"2017-03-02T09:09:48","guid":{"rendered":"http:\/\/www.lilec.it\/francofonia\/?page_id=296"},"modified":"2023-03-06T15:52:39","modified_gmt":"2023-03-06T14:52:39","slug":"reviewers","status":"publish","type":"page","link":"http:\/\/www.lilec.it\/francofonia\/reviewers\/","title":{"rendered":"Reviewers"},"content":{"rendered":"<p><div class=\"fusion-fullwidth fullwidth-box fusion-builder-row-1 nonhundred-percent-fullwidth non-hundred-percent-height-scrolling\" style=\"--awb-border-radius-top-left:0px;--awb-border-radius-top-right:0px;--awb-border-radius-bottom-right:0px;--awb-border-radius-bottom-left:0px;--awb-flex-wrap:wrap;\" ><div class=\"fusion-builder-row fusion-row\"><\/div><\/div><div class=\"fusion-fullwidth fullwidth-box fusion-builder-row-2 nonhundred-percent-fullwidth non-hundred-percent-height-scrolling\" style=\"--awb-border-radius-top-left:0px;--awb-border-radius-top-right:0px;--awb-border-radius-bottom-right:0px;--awb-border-radius-bottom-left:0px;--awb-flex-wrap:wrap;\" ><div class=\"fusion-builder-row fusion-row\"><div class=\"fusion-layout-column fusion_builder_column fusion-builder-column-0 fusion_builder_column_1_2 1_2 fusion-one-half fusion-column-first\" style=\"--awb-bg-size:cover;width:50%;width:calc(50% - ( ( 4% ) * 0.5 ) );margin-right: 4%;\"><div class=\"fusion-column-wrapper fusion-flex-column-wrapper-legacy\"><div class=\"fusion-text fusion-text-1\"><p><span style=\"color: #008000;\">Liste des lecteurs ayant \u00e9valu\u00e9 les articles parvenus \u00e0 la r\u00e9daction de <em>Francofonia <\/em>pour les num\u00e9ros 80, 81, 82, 83 (2021-2022).<br \/>\nElenco dei lettori che hanno valutato gli articoli pervenuti alla redazione di \u201cFrancofonia\u201d per i numeri 80, 81, 82, 83 (2021-2022).<\/span><\/p>\n<p>Angaut Jean-Christophe (Universit\u00e9 de Lyon)<br \/>\nAngelini Annarita (Universit\u00e0 di Bologna)<br \/>\nAuraix-Jonchi\u00e8re Pascale (Universit\u00e9 Clermont Auvergne)<br \/>\nBara Olivier (Universit\u00e9 Lumi\u00e8re-Lyon)<br \/>\nBercegol Fabienne (Universit\u00e9 de Toulouse)<br \/>\nBiondi Carminella (Universit\u00e0 di Bologna)<br \/>\nBouchet Thomas (Universit\u00e9 de Lausanne)<br \/>\nBr\u00e9mand Nathalie (Universit\u00e9 de Paris 1-Sorbonne)<br \/>\nBruera Franca (Universit\u00e0 di Torino)<br \/>\nBuchs Arnaud (Universit\u00e9 de Lausanne)<br \/>\nCal\u00ec Andrea (Universit\u00e0 del Salento)<br \/>\nCambron Micheline (Universit\u00e9 de Montr\u00e9al)<br \/>\nCaraion Marta (Universit\u00e9 de Lausanne)<br \/>\nCattani Francesco (Universit\u00e0 di Bologna)<br \/>\nClermont Philippe (Universit\u00e9 de Strasbourg)<br \/>\nCollot Michel (Universit\u00e9 de Paris 3 \u2013 Sorbonne Nouvelle)<br \/>\nCostantini Alessandro (Universit\u00e0 di Venezia)<br \/>\nDesarbres Paul-Victor (Sorbonne Universit\u00e9 \u2013 Paris IV)<br \/>\nDessy Cl\u00e9ment (Universit\u00e9 Libre de Bruxelles)<br \/>\nDidier Alexandre (Sorbonne Universit\u00e9 \u2013 Paris IV)<br \/>\nDupuis Sylviane (Universit\u00e9 de G\u00e9n\u00e8ve)<br \/>\nEbguy Jacques-David (Universit\u00e9 Paris Cit\u00e9)<br \/>\nEng\u00e9libert Jean-Paul (Universit\u00e9 de Bordeaux)<br \/>\nF\u00f6ldes Gy\u00f6rgyi (Universit\u00e0 Lorr\u00e1nd E\u00f6tv\u00f6s)<br \/>\nGirard Marie-H\u00e9l\u00e8ne (Yale University)<br \/>\nGnocchi Maria Chiara (Universit\u00e0 di Bologna)<br \/>\nGnocchi Maria Chiara(Universit\u00e0 di Bologna)<br \/>\nGrossir Claudine (Universit\u00e9 de Paris Sorbonne)<br \/>\nGuyot Alain (Universit\u00e9 de Lorraine)<br \/>\nHausmann Matthias (Universit\u00e4t Wien)<br \/>\nImbroscio Carmelina (Universit\u00e0 di Bologna)<br \/>\nJalabert Romain (Sorbonne Universit\u00e9)<br \/>\nJohn Walsh (University of Pittsburgh)<br \/>\nKarafi\u00e1th Judit: (Universit\u00e0 Lorr\u00e1nd E\u00f6tv\u00f6s)<br \/>\nKassab Samia (University of Stanford)<br \/>\nKuon Peter (Universit\u00e4t Salzburg)<br \/>\nLetonturier Eric (Universit\u00e9 de Paris Descartes)<br \/>\nMadou Jean Pol (Universit\u00e9 de Savoie)<br \/>\nMagno Luigi (Universit\u00e0 Roma 3)<br \/>\nMarchal Hugues (University of Basil)<br \/>\nMarquer Marquer Bertrand (Universit\u00e9 de Strasbourg)<br \/>\nMassol Chantal (Universit\u00e9 Grenoble-Alpes)<br \/>\nMeizoz J\u00e9r\u00f4me (Universit\u00e0 di Losanna)<br \/>\nMerello Ida (Universit\u00e0 di Genova)<br \/>\nMinerva Nadia (Universit\u00e0 di Bologna)<br \/>\nMollard-Desfour Annie (Universit\u00e0 de Toulouse \u2013 Jean Jaur\u00e8s)<br \/>\nMontier Jean-Pierre (Universit\u00e9 Rennes 2)<br \/>\nObszynski Michal (University of Warsaw)<br \/>\nOppici Patrizia \u00a0(Universit\u00e0 di Macerata)<br \/>\nPaissa Paola (Universit\u00e0 di Torino)<br \/>\nPessini \u00a0Elena (Universit\u00e0 di Parma)<br \/>\nPetermann St\u00e9phane (Universit\u00e9 de Lausanne)<br \/>\nPlamondon Jean-Fran\u00e7ois (Universit\u00e0 di Bologna)<br \/>\nRamiro Alvil\u00e9s\u00a0 Miguel (Universidad de Alcal\u00e1)<br \/>\nReverzy\u00a0 \u00c9l\u00e9onore (Universit\u00e9 Paris 3-Sorbonne Nouvelle)<br \/>\nR\u00e9verzy \u00c9l\u00e9onore (Universit\u00e0 di Parigi 3 \u2013 Sorbonne Nouvelle)<br \/>\nRiot-Sarcey Mich\u00e8le (Universit\u00e9 de Paris VIII-Saint-Denis)<br \/>\nSaint-Victor Alain (Universit\u00e9 du Qu\u00e9bec)<br \/>\nSchopp Claude (Universit\u00e0 di Milano)<br \/>\nSti\u00e9non Val\u00e9rie (Universit\u00e9 Sorbonne Paris Nord)<br \/>\nTortonese Paolo (Universit\u00e9 de Paris 3 \u2013 Sorbonne Nouvelle)<br \/>\nVanoncini Andrea<br \/>\nVanoosthuyse Fran\u00e7ois (Universit\u00e9 de Rouen)<br \/>\nVidotto Ilaria (Universit\u00e9 de Lausanne)<br \/>\nVidotto Ilaria (Universit\u00e9 de Lausanne)<br \/>\nVitali Ilaria (Universit\u00e0 di Macerata)<br \/>\nVouilloux Bernard (Sorbonne Universit\u00e9 \u2013 Paris IV)<br \/>\nZanelli Franca (Universit\u00e0 di Bologna)<\/p>\n<\/div><div class=\"fusion-clearfix\"><\/div><\/div><\/div><div class=\"fusion-layout-column fusion_builder_column fusion-builder-column-1 fusion_builder_column_1_2 1_2 fusion-one-half fusion-column-last\" style=\"--awb-bg-size:cover;width:50%;width:calc(50% - ( ( 4% ) * 0.5 ) );\"><div class=\"fusion-column-wrapper fusion-flex-column-wrapper-legacy\"><div class=\"fusion-text fusion-text-2\"><p><span style=\"color: #008000;\">Liste des lecteurs ayant \u00e9valu\u00e9 les articles parvenus \u00e0 la r\u00e9daction de <em>Francofonia <\/em>pour les num\u00e9ros 76, 77, 78, 79 (2019-2020).<br \/>\nElenco dei lettori che hanno valutato gli articoli pervenuti alla redazione di \u201cFrancofonia\u201d per i numeri 76, 77, 78, 79 (2019-2020).<\/span><\/p>\n<p>Amar Ruth (University of Haifa)<br \/>\nAmedegnato Ouzouf S. (University of Calgary)<br \/>\nAnthony Mangeon (Universit\u00e9 de Strasbourg)<br \/>\nB\u00e9n\u00e9dicte \u00c9lie (Universit\u00e9 Haute Alsace)<br \/>\nBercegol Fabienne (Universit\u00e9 de Toulouse)<br \/>\nBertho Elara (Universit\u00e9 de Bordeaux)<br \/>\nBertini Mariolina (Universit\u00e0 di Parma)<br \/>\nBessi\u00e8re Jean (Universit\u00e9 Sorbonne Nouvelle \u2013 Paris 3)<br \/>\nBinsaswa Justin (2) (University of Laval)<br \/>\nBiondi Carminella (3) (Universit\u00e0 di Bologna)<br \/>\nBongo Olga H\u00e9l (Universit\u00e9 Laval)<br \/>\nBragard\u00a0 V\u00e9ronique (Universit\u00e9 Catholique de Louvain)<br \/>\nBrezault \u00c9lo\u00efse (St Lawrence University)<br \/>\nBrignoli Laura (Universit\u00e0 di Milano- Iulm)<br \/>\nBrinker Virginie (Universit\u00e9 de Bourgogne)<br \/>\nBrown H. Matthew (University of Wisconsin- Madison)<br \/>\nCervoni Aur\u00e9lia (Universit\u00e9 de Paris- Sorbonne)<br \/>\nCordiner Valerio (Universit\u00e0 di Roma- La Sapienza)<br \/>\nCornelio Dawn (University of Guelph)<br \/>\nDouzou Catherine (Universit\u00e9 de Tours)<br \/>\nDozon Jean-Pierre (Ecole des Hautes Etudes en Sciences Sociales (EHESS)<br \/>\nDurand Pascal (Universit\u00e9 de Li\u00e8ge)<br \/>\nD\u00fcrrenmatt Jacques (Universit\u00e9 de Paris- Sorbonne)<br \/>\nGarnier Xavier (2) (Universit\u00e9 Sorbonne Nouvelle \u2013 Paris 3)<br \/>\nGehrmann Suzanne (Humboldt-Universit\u00e4t zu\u00a0Berlin)<br \/>\nGoergen Maxime (University of Sheffield)<br \/>\nGranel Nicolas Martin- (\u00c9tudes Litt\u00e9raires Africaines)<br \/>\nGuid\u00e9e Rapha\u00eblle (Universit\u00e9 de Poiters)<br \/>\nHalen Pierre (Universit\u00e9 de Lorraine)<br \/>\nHorvath Christina (University of Bath)<br \/>\nJey Martine (Universit\u00e9 de Paris- Sorbonne)<br \/>\nKadi Germain-Ars\u00e8ne (Universit\u00e9 Alassane Ouattara)<br \/>\nKawahirehi Kasereka (Universit\u00e9\u00a0d&#8217;Ottawa)<br \/>\nKekus Filip (Universit\u00e9 de Paris- Sorbonne)<br \/>\nKieffer Morgane (Universit\u00e9 de Paris Nanterre)<br \/>\nKremer Nathalie (Universit\u00e9 de Paris-Sorbonne nouvelle)<br \/>\nLachat Jacob (Universit\u00e9 de Lausanne)<br \/>\nMcLeod George (St Mary\u2019s College)<br \/>\nM\u00e9tayer Guillaume (Universit\u00e9 de Paris- Sorbonne)<br \/>\nModenesi\u00a0 Marco (2) (Universit\u00e0 di Milano)<br \/>\nMossetto Anna Paola (Universit\u00e0 di Torino)<br \/>\nMouralis Bernard (Universit\u00e9\u00a0de Cergy-Pontoise)<br \/>\nNkashama Pius Ngandu (Louisiana State University)<br \/>\nOppici Patrizia (Universit\u00e0 di Macerata)<br \/>\nPap\u00e0sogli Benedetta (Universit\u00e0 di Roma- Lumsa)<br \/>\nPinon Esther (Universit\u00e9 de Rennes)<br \/>\nPiton-Foucault \u00c9mile (Universit\u00e9 de Rennes)<br \/>\nPiva Marika (Universit\u00e0 di Padova)<br \/>\nPype Katrien (KU Leuven\u00a0University)<br \/>\nRaccanello Manuela (Universit\u00e0 di Trieste)<br \/>\nRao Sathya (University of Alberta)<br \/>\nReeck Laura (Allegheny College)<br \/>\nRiguet Martine (Universit\u00e9 de Reims Champagne-Ardenne)<br \/>\nRoux Pascale (Universit\u00e9 Grenoble Alpes)<br \/>\nScaiola Anna Maria (Universit\u00e0 di Roma- La Sapienza)<br \/>\nSchaal Mich\u00e8le (Iowa State University)<br \/>\nS\u00e9moujanga Josias (Universit\u00e9 de Montr\u00e9al)<br \/>\nSimasotchi-Bron\u00e8s Fran\u00e7oise (Universit\u00e9 de Paris 8)<br \/>\nSperti Valeria (Universit\u00e0 di Napoli)<br \/>\nSpleth Janice (West Virginia University)<br \/>\nTortonese Paolo (Universit\u00e9 de Paris- Sorbonne Nouvelle)<br \/>\nTrujic Irena (2) (Universit\u00e9 de Lausanne)<br \/>\nTurin Gaspard (Universit\u00e9 de Lausanne)<br \/>\nVago Davide (Universit\u00e0 di Milano- Cattolica)<br \/>\nVaillant Alain (Universit\u00e9 de Paris- Nanterre)<br \/>\nValcic Tamara (University of Novi Sad)<br \/>\nVitali Ilaria (Universit\u00e0 di Macerata)<br \/>\nVuong L\u00e9a (Universit\u00e0 di Sydney)<br \/>\nWhite Bob W. (Universit\u00e9 de Montr\u00e9al)<br \/>\nXanthos Nicolas (Universit\u00e9 du Qu\u00e9bec)<br \/>\nZanone Damien (Universit\u00e9 Catholique de Louvain)<\/p>\n<\/div><div class=\"fusion-clearfix\"><\/div><\/div><\/div><\/div><\/div><div class=\"fusion-fullwidth fullwidth-box fusion-builder-row-3 nonhundred-percent-fullwidth non-hundred-percent-height-scrolling\" style=\"--awb-border-radius-top-left:0px;--awb-border-radius-top-right:0px;--awb-border-radius-bottom-right:0px;--awb-border-radius-bottom-left:0px;--awb-flex-wrap:wrap;\" ><div class=\"fusion-builder-row fusion-row\"><div class=\"fusion-layout-column fusion_builder_column fusion-builder-column-2 fusion_builder_column_1_2 1_2 fusion-one-half fusion-column-first\" style=\"--awb-bg-size:cover;width:50%;width:calc(50% - ( ( 4% ) * 0.5 ) );margin-right: 4%;\"><div class=\"fusion-column-wrapper fusion-flex-column-wrapper-legacy\"><div class=\"fusion-text fusion-text-3\"><p><span style=\"color: #008000;\">Liste des lecteurs ayant \u00e9valu\u00e9 les articles parvenus \u00e0 la r\u00e9daction de <em>Francofonia <\/em>pour les num\u00e9ros 72, 73, 74, 75 (2017-2018).<br \/>\n<\/span><span style=\"color: #008000;\">Elenco dei lettori che hanno valutato gli articoli pervenuti alla redazione di \u201cFrancofonia\u201d per i numeri 72, 73, 74, 75 (2017-2018).<\/span><\/p>\n<p>Arnould Jean-Claude (Universit\u00e9 de Rouen)<br \/>\nAscari Maurizio (Universit\u00e0 di Bologna)<br \/>\nBenini Romain (Universit\u00e9 Paris-Sorbonne)<br \/>\nBlanco Massimo (Sapienza &#8211; Universit\u00e0 di Roma)<br \/>\nBahier-Porte Christelle (2) (Universit\u00e9 Jean Monnet \u2013 Saint-\u00c9tienne)<br \/>\nBiondi Carminella (3) (Universit\u00e0 di Bologna)<br \/>\nBridet Guillaume (Universit\u00e9 de Bourgogne)<br \/>\nBoisclair Isabelle (Universit\u00e9 De Sherbrooke)<br \/>\nCorradi Federico (Universit\u00e0 di Napoli)<br \/>\nConconi\u00a0Bruna (Universit\u00e0 di Bologna)<br \/>\nDuggan Anne (Wayne State University)<br \/>\nFournier Michel (University of Ottawa)<br \/>\nGnocchi Maria Chiara (2) (Universit\u00e0 di Bologna)<br \/>\nImbroscio Carmelina (2) (Universit\u00e0 di Bologna)<br \/>\nJalabert Romain (Universit\u00e9 Paris-Sorbonne)<br \/>\nKekus Filip (Universit\u00e9 d\u2019Orl\u00e9ans)<br \/>\nLe Nan Fr\u00e9d\u00e9rique (Universit\u00e9 d\u2019Angers)<br \/>\nGiuseppina Brunetti (Universit\u00e0 di Bologna)<br \/>\nLatin\u00a0Dani\u00e8le (Universit\u00e9 de Li\u00e8ge)<br \/>\nMerello Ida (Universit\u00e0 di Genova)<br \/>\nMonginot\u00a0Beno\u00eet (2) (Aldo Moro &#8211; Universit\u00e0 di Bari)<br \/>\nMeizoz J\u00e9r\u00f4me (Universit\u00e9 de Lausanne)<br \/>\nMoser-Verrey Monique (Universit\u00e9 De Montr\u00e9al)<br \/>\nMaggetti Daniele (Universit\u00e9 de Lausanne)<br \/>\nMeyer-Bolzinger Dominique (Universit\u00e9 de Haute-Alsace)<br \/>\nMinerva Nadia (Universit\u00e0 di Bologna)<br \/>\nOrlandi Sybille (Universit\u00e0 di Milano)<br \/>\nOppici\u00a0Patrizia (3) (Universit\u00e0 di Macerata)<br \/>\nOberhuber Andrea (Universit\u00e9 de Montr\u00e9al)<br \/>\nPerrin Jean-Fran\u00e7ois (2) (Universit\u00e9 Grenoble Alpes)<br \/>\nPaupert Anne (Universit\u00e9 Paris Denis Diderot)<br \/>\nPlamondon Jean-Fran\u00e7ois (3) (Universit\u00e0 di Bologna)<br \/>\nPellandra Carla (Universit\u00e0 di Bologna)<br \/>\nRichter Mario (Universit\u00e0 di Padova)<br \/>\nRaffi Maria Emanuela (Universit\u00e0 di Padova)<br \/>\nRimasson-Fertin Natacha (2) (Universit\u00e9 Grenoble Alpes)<br \/>\nSommovigo\u00a0Barbara (Universit\u00e0 di Pisa)<br \/>\nSheeren Hugues (Universit\u00e0 di Verona)<br \/>\nVitali Ilaria (3) (Universit\u00e0 di Macerata)<br \/>\nVanoflen Laurence (Universit\u00e9 Paris Nanterre)<br \/>\nVaresi Valerio<br \/>\nZanelli Franca (Universit\u00e0 di Bologna)<\/p>\n<\/div><div class=\"fusion-clearfix\"><\/div><\/div><\/div><div class=\"fusion-layout-column fusion_builder_column fusion-builder-column-3 fusion_builder_column_1_2 1_2 fusion-one-half fusion-column-last\" style=\"--awb-bg-size:cover;width:50%;width:calc(50% - ( ( 4% ) * 0.5 ) );\"><div class=\"fusion-column-wrapper fusion-flex-column-wrapper-legacy\"><div class=\"fusion-text fusion-text-4\"><p><span style=\"color: #008000;\">Liste des lecteurs ayant \u00e9valu\u00e9 les articles parvenus \u00e0 la r\u00e9daction de\u00a0<em>Francofonia<\/em> pour les num\u00e9ros\u00a068, 69, 70, 71 (2015-2016).<\/span><br \/>\n<span style=\"color: #008000;\">Elenco dei lettori che hanno valutato gli articoli pervenuti alla redazione di \u201cFrancofonia\u201d per i numeri 68, 69, 70, 71 (2015-2016).<\/span><\/p>\n<p>Aron Paul (3) (Universit\u00e9 Libre de Bruxelles)<br \/>\nAscari Maurizio (Universit\u00e0 di Bologna)<br \/>\nAubert Nathalie (Oxford Brooxes University)<br \/>\nBainbrigge Susan (The University of Edinburgh)<br \/>\nBiondi Carminella (17) (Universit\u00e0 di Bologna)<br \/>\nBranchini Rachele<br \/>\nCorio Alessandro<br \/>\nDe Haes Frans (Archives et Mus\u00e9e de la Litt\u00e9rature, Bruxelles)<br \/>\nDegras Priska (2) (Universit\u00e9 Aix Marseille 3)<br \/>\nDelhalle Nancy (2) (Universit\u00e9 de Li\u00e8ge)<br \/>\nDemoulin Laurent (Universit\u00e9 de Li\u00e8ge)<br \/>\nGnocchi Maria Chiara (2) (Universit\u00e0 di Bologna)<br \/>\nHalen\u00a0Pierre (Universit\u00e9 de Lorraine)<br \/>\nHauzeur Genevi\u00e8ve (Haute\u00a0\u00c9cole de Bruxelles)<br \/>\nImbroscio Carmelina (6) (Universit\u00e0 di Bologna)<br \/>\nLittle Roger (Trinity College, Dublin)<br \/>\nLouwagie Fransiska (University of Leicester)<br \/>\nMalela Buata (Centre Universitaire de Mayotte)<br \/>\nMarzolph Ulrich (6) (Georg-August-Universit\u00e4t G\u00f6ttingen)<br \/>\nMeizoz J\u00e9r\u00f4me (2) (Universit\u00e9 de Lausanne)<br \/>\nNannoni Catia (1) (Universit\u00e0 di Bologna)<br \/>\nPaque Jeannine (2) (Universit\u00e9 de Li\u00e8ge)<br \/>\nPessini Elena (2) (Universit\u00e0 di Parma)<br \/>\nRaschi Natasa (Universit\u00e0 di Perugia)<br \/>\nRobert Raymonde (5) (Universit\u00e9 de Lorraine)<br \/>\nSchubert Katja (Universit\u00e9 Sorbonne Nouvelle &#8211; Paris 3)<br \/>\nSermain Jean-Paul (6) (Universit\u00e9 Sorbonne Nouvelle &#8211; Paris 3)<br \/>\nZanelli Franca (2) (Universit\u00e0 di Bologna)<\/p>\n<\/div><div class=\"fusion-clearfix\"><\/div><\/div><\/div><\/div><\/div><div class=\"fusion-fullwidth fullwidth-box fusion-builder-row-4 fusion-flex-container has-pattern-background has-mask-background nonhundred-percent-fullwidth non-hundred-percent-height-scrolling\" style=\"--awb-border-radius-top-left:0px;--awb-border-radius-top-right:0px;--awb-border-radius-bottom-right:0px;--awb-border-radius-bottom-left:0px;--awb-flex-wrap:wrap;\" ><div class=\"fusion-builder-row fusion-row fusion-flex-align-items-flex-start fusion-flex-content-wrap\" style=\"max-width:1144px;margin-left: calc(-4% \/ 2 );margin-right: calc(-4% \/ 2 );\"><div class=\"fusion-layout-column fusion_builder_column fusion-builder-column-4 fusion_builder_column_1_2 1_2 fusion-flex-column\" style=\"--awb-bg-size:cover;--awb-width-large:50%;--awb-margin-top-large:0px;--awb-spacing-right-large:3.84%;--awb-margin-bottom-large:20px;--awb-spacing-left-large:3.84%;--awb-width-medium:100%;--awb-order-medium:0;--awb-spacing-right-medium:1.92%;--awb-spacing-left-medium:1.92%;--awb-width-small:100%;--awb-order-small:0;--awb-spacing-right-small:1.92%;--awb-spacing-left-small:1.92%;\"><div class=\"fusion-column-wrapper fusion-column-has-shadow fusion-flex-justify-content-flex-start fusion-content-layout-column\"><\/div><\/div><div class=\"fusion-layout-column fusion_builder_column fusion-builder-column-5 fusion_builder_column_1_2 1_2 fusion-flex-column\" style=\"--awb-bg-size:cover;--awb-width-large:50%;--awb-margin-top-large:0px;--awb-spacing-right-large:3.84%;--awb-margin-bottom-large:20px;--awb-spacing-left-large:3.84%;--awb-width-medium:100%;--awb-order-medium:0;--awb-spacing-right-medium:1.92%;--awb-spacing-left-medium:1.92%;--awb-width-small:100%;--awb-order-small:0;--awb-spacing-right-small:1.92%;--awb-spacing-left-small:1.92%;\"><div class=\"fusion-column-wrapper fusion-column-has-shadow fusion-flex-justify-content-flex-start fusion-content-layout-column\"><\/div><\/div><\/div><\/div><\/p>\n","protected":false},"excerpt":{"rendered":"","protected":false},"author":2,"featured_media":0,"parent":0,"menu_order":0,"comment_status":"closed","ping_status":"closed","template":"","meta":{"footnotes":""},"class_list":["post-296","page","type-page","status-publish","hentry"],"_links":{"self":[{"href":"http:\/\/www.lilec.it\/francofonia\/wp-json\/wp\/v2\/pages\/296","targetHints":{"allow":["GET"]}}],"collection":[{"href":"http:\/\/www.lilec.it\/francofonia\/wp-json\/wp\/v2\/pages"}],"about":[{"href":"http:\/\/www.lilec.it\/francofonia\/wp-json\/wp\/v2\/types\/page"}],"author":[{"embeddable":true,"href":"http:\/\/www.lilec.it\/francofonia\/wp-json\/wp\/v2\/users\/2"}],"replies":[{"embeddable":true,"href":"http:\/\/www.lilec.it\/francofonia\/wp-json\/wp\/v2\/comments?post=296"}],"version-history":[{"count":27,"href":"http:\/\/www.lilec.it\/francofonia\/wp-json\/wp\/v2\/pages\/296\/revisions"}],"predecessor-version":[{"id":2570,"href":"http:\/\/www.lilec.it\/francofonia\/wp-json\/wp\/v2\/pages\/296\/revisions\/2570"}],"wp:attachment":[{"href":"http:\/\/www.lilec.it\/francofonia\/wp-json\/wp\/v2\/media?parent=296"}],"curies":[{"name":"wp","href":"https:\/\/api.w.org\/{rel}","templated":true}]}}