{"id":916,"date":"2017-03-08T17:38:13","date_gmt":"2017-03-08T16:38:13","guid":{"rendered":"http:\/\/www.lilec.it\/francofonia\/?page_id=916"},"modified":"2025-01-31T12:27:10","modified_gmt":"2025-01-31T11:27:10","slug":"prochains-numeros","status":"publish","type":"page","link":"http:\/\/www.lilec.it\/francofonia\/prochains-numeros\/","title":{"rendered":"Prochains num\u00e9ros"},"content":{"rendered":"<div class=\"fusion-fullwidth fullwidth-box fusion-builder-row-1 nonhundred-percent-fullwidth non-hundred-percent-height-scrolling\" style=\"--awb-border-radius-top-left:0px;--awb-border-radius-top-right:0px;--awb-border-radius-bottom-right:0px;--awb-border-radius-bottom-left:0px;--awb-flex-wrap:wrap;\" ><div class=\"fusion-builder-row fusion-row\"><div class=\"fusion-layout-column fusion_builder_column fusion-builder-column-0 fusion_builder_column_1_1 1_1 fusion-one-full fusion-column-first fusion-column-last\" style=\"--awb-bg-size:cover;--awb-margin-bottom:0px;\"><div class=\"fusion-column-wrapper fusion-flex-column-wrapper-legacy\"><div class=\"fusion-text fusion-text-1\" style=\"--awb-text-transform:none;\"><div class=\"page\" title=\"Page 1\">\n<div class=\"layoutArea\">\n<div class=\"column\">\n<div class=\"page\" title=\"Page 1\">\n<div class=\"layoutArea\">\n<div class=\"column\"><\/div>\n<\/div>\n<\/div>\n<\/div>\n<\/div>\n<\/div>\n<h2><span style=\"color: green;\">N. 87, <\/span><span style=\"color: green;\">automne \/ autunno<\/span><span style=\"color: green;\"> 2024<\/span><\/h2>\n<div><strong><span lang=\"FR\">Plurilinguismes et essentialismes. Approches litt\u00e9raires et sociolinguistiques<\/span><\/strong><\/div>\n<div>sous la dir. de Franca Bruera<\/div>\n<h2><span style=\"color: green;\">N. 88, printemps \/ primavera 2025<\/span><\/h2>\n<p>(\u00e0 d\u00e9finir)<\/p>\n<h2><span style=\"color: green;\">N. 89, <\/span><span style=\"color: green;\">automne \/ autunno<\/span><span style=\"color: green;\"> 2025<\/span><\/h2>\n<div>\n<div><strong><span lang=\"FR\">Reconfigurations de l\u2019autobiographique au XXI<sup>e<\/sup> si\u00e8cle<br \/>\n(Assises de la litt\u00e9rature contemporaine fran\u00e7aise et francophone II)<\/span><\/strong><\/div>\n<\/div>\n<div>sous la dir. de Valeria Sperti<\/div>\n<div><\/div>\n<p>Pour proposer un num\u00e9ro th\u00e9matique \u00e0\u00a0<em>Francofonia<\/em>, merci\u00a0d&#8217;\u00e9crire \u00e0 l&#8217;adresse francofonia.rivista@unibo.it avec un argumentaire, une liste d&#8217;auteurs \u00e9ventuels et une date souhait\u00e9e pour la publication.<\/p>\n<\/div><div class=\"fusion-clearfix\"><\/div><\/div><\/div><\/div><\/div>\n","protected":false},"excerpt":{"rendered":"","protected":false},"author":2,"featured_media":0,"parent":0,"menu_order":0,"comment_status":"closed","ping_status":"closed","template":"","meta":{"footnotes":""},"class_list":["post-916","page","type-page","status-publish","hentry"],"_links":{"self":[{"href":"http:\/\/www.lilec.it\/francofonia\/wp-json\/wp\/v2\/pages\/916","targetHints":{"allow":["GET"]}}],"collection":[{"href":"http:\/\/www.lilec.it\/francofonia\/wp-json\/wp\/v2\/pages"}],"about":[{"href":"http:\/\/www.lilec.it\/francofonia\/wp-json\/wp\/v2\/types\/page"}],"author":[{"embeddable":true,"href":"http:\/\/www.lilec.it\/francofonia\/wp-json\/wp\/v2\/users\/2"}],"replies":[{"embeddable":true,"href":"http:\/\/www.lilec.it\/francofonia\/wp-json\/wp\/v2\/comments?post=916"}],"version-history":[{"count":37,"href":"http:\/\/www.lilec.it\/francofonia\/wp-json\/wp\/v2\/pages\/916\/revisions"}],"predecessor-version":[{"id":2674,"href":"http:\/\/www.lilec.it\/francofonia\/wp-json\/wp\/v2\/pages\/916\/revisions\/2674"}],"wp:attachment":[{"href":"http:\/\/www.lilec.it\/francofonia\/wp-json\/wp\/v2\/media?parent=916"}],"curies":[{"name":"wp","href":"https:\/\/api.w.org\/{rel}","templated":true}]}}