{"id":65,"date":"2012-10-19T11:52:55","date_gmt":"2012-10-19T09:52:55","guid":{"rendered":"http:\/\/www.lilec.it\/idear\/wp\/?page_id=65"},"modified":"2014-01-30T17:55:32","modified_gmt":"2014-01-30T16:55:32","slug":"le-idee","status":"publish","type":"page","link":"http:\/\/www.lilec.it\/idear\/?page_id=65","title":{"rendered":"Le Idee"},"content":{"rendered":"<p>In questo spazio vogliamo condividere\u00a0con i colleghi le principali idee discusse durante gli incontri.<\/p>\n<p>Incontro IDEAR del 21 gennaio 2014<strong><br \/>\n<strong>La sonorizzazione delle occlusive intervocaliche in toscano antico e il mutamento fonetico probabilistico &#8211; Stefano Canalis<\/strong><\/strong><br \/>\nSlide di presentazione della ricerca: <strong><a href=\"http:\/\/www.lilec.it\/idear\/wp\/wp-content\/uploads\/2012\/10\/IDEAR-Toscano_Canalis.pdf\">IDEAR-Toscano_Canalis<\/a><\/strong><\/p>\n<p><strong>I<\/strong>ncontro IDEAR del 13 novembre 2013<strong><br \/>\nProgetto &#8220;E-LOCAL for all&#8221;<\/strong><strong> &#8211; Andrea Ceccherelli<\/strong><br \/>\nSlide di presentazione del progetto: <strong><a href=\"http:\/\/www.lilec.it\/idear\/wp\/wp-content\/uploads\/2012\/10\/Presentazione_E-LOCALforall_13.11.13.pdf\">Presentazione_E-LOCALforall_13.11.13<\/a><\/strong><\/p>\n<p><strong>Incontro IDEAR del 17 ottobre 2012 &#8211; What the Dickens?<\/strong><br \/>\n<strong>Gino Scatasta <\/strong>e<strong> Maurizio Ascari<\/strong><br \/>\nRiassunto dell&#8217;incontro:\u00a0 Il ciclo IDEAR si \u00e8 aperto con una piacevole conversazione su Charles Dickens e gli eventi promossi quest&#8217;anno a Bologna in occasione del secondo centenario della sua nascita. Animato da Gino Scatasta, l&#8217;incontro ha offerto un&#8217;ampia carrellata di approfondimenti sullo scrittore e i suoi romanzi, sul suo brevissimo soggiorno a Bologna (meno di ventiquattro ore tra il 10 e l&#8217;11 novembre 1844) e, non ultimo, sulle ragioni che hanno portato ad \u201caBOut Dickens\u201d, il ciclo di incontri, letture, eventi e mostre che da gennaio scorso offrono ai bolognesi l&#8217;occasione di rileggere (o leggere?&#8230;) Dickens.<br \/>\nDickens piace. Dopo circa un secolo e mezzo di critica dikensiana da Forster ai giorni nostri, si pu\u00f2 dire che Dickens adesso piace. E questa constatazione non deriva tanto dalle valutazioni critiche e raffinate dell&#8217;accademia, quanto dal numero di persone che, al di fuori di essa, si avvicinano alla narrativa di Dickens e vi si appassionano. \u201caBOut Dickens\u201d \u00e8 servito innanzitutto a far emergere e riunire quanti -nelle biblioteche, nei circoli di lettura, nelle associazioni, o privatamente- sono esperti, appassionati o semplicemente curiosi dell&#8217;opera di Dickens. Ma perch\u00e9 questa \u201cimprovvisa passione\u201d? Forse perch\u00e9, se fino a circa venti anni fa le dimensioni dei romanzi di Dickens tendevano a scoraggiare il pubblico non specializzato, pi\u00f9 di recente -dopo saghe come quelle de Il Signore degli Anelli o Twilight- la \u201cletteratura a peso\u201d non spaventa pi\u00f9. \u00c8 quindi la cultura popolare contemporanea (per la quale non vi \u00e8 J.R.R. Tolkien senza Peter Jackson!) a gettare le basi per la ri-scoperta di Dickens e della cultura popolare (questa volta vittoriana) a cui lui si rivolgeva?<\/p>\n","protected":false},"excerpt":{"rendered":"<p>In questo spazio vogliamo condividere\u00a0con i colleghi le principali idee discusse durante gli incontri. Incontro IDEAR del 21 gennaio 2014 La sonorizzazione delle occlusive intervocaliche in toscano antico e il mutamento fonetico probabilistico &#8211; Stefano Canalis Slide di presentazione della &hellip; <a href=\"http:\/\/www.lilec.it\/idear\/?page_id=65\">Continua a leggere<span class=\"meta-nav\">&rarr;<\/span><\/a><\/p>\n","protected":false},"author":3,"featured_media":0,"parent":0,"menu_order":0,"comment_status":"open","ping_status":"open","template":"","meta":[],"_links":{"self":[{"href":"http:\/\/www.lilec.it\/idear\/index.php?rest_route=\/wp\/v2\/pages\/65"}],"collection":[{"href":"http:\/\/www.lilec.it\/idear\/index.php?rest_route=\/wp\/v2\/pages"}],"about":[{"href":"http:\/\/www.lilec.it\/idear\/index.php?rest_route=\/wp\/v2\/types\/page"}],"author":[{"embeddable":true,"href":"http:\/\/www.lilec.it\/idear\/index.php?rest_route=\/wp\/v2\/users\/3"}],"replies":[{"embeddable":true,"href":"http:\/\/www.lilec.it\/idear\/index.php?rest_route=%2Fwp%2Fv2%2Fcomments&post=65"}],"version-history":[{"count":6,"href":"http:\/\/www.lilec.it\/idear\/index.php?rest_route=\/wp\/v2\/pages\/65\/revisions"}],"predecessor-version":[{"id":69,"href":"http:\/\/www.lilec.it\/idear\/index.php?rest_route=\/wp\/v2\/pages\/65\/revisions\/69"}],"wp:attachment":[{"href":"http:\/\/www.lilec.it\/idear\/index.php?rest_route=%2Fwp%2Fv2%2Fmedia&parent=65"}],"curies":[{"name":"wp","href":"https:\/\/api.w.org\/{rel}","templated":true}]}}