{"id":120,"date":"2016-09-30T13:31:01","date_gmt":"2016-09-30T11:31:01","guid":{"rendered":"http:\/\/www.lilec.it\/list\/wp\/?page_id=120"},"modified":"2016-09-30T15:06:00","modified_gmt":"2016-09-30T13:06:00","slug":"sli2016","status":"publish","type":"page","link":"http:\/\/www.lilec.it\/list\/sli2016\/","title":{"rendered":"Workshop SLI 2016"},"content":{"rendered":"<p>L CONGRESSO INTERNAZIONALE DI STUDI DELLA SLI (Societ\u00e0 di Linguistica Italiana)<br \/>\nMilan, 22-24 September 2016<\/p>\n<p>WORKSHOP<\/p>\n<h3><strong><em>List Constructions: formal and functional aspects<\/em><\/strong><\/h3>\n<h3>Program<\/h3>\n<ul>\n<li>14.30 &#8211; 14:45 <strong>Sylvain Kahane<\/strong> (Universit\u00e9 Paris Ouest &amp; Modyco CNRS), <strong>Paola Pietrandrea <\/strong>(Universit\u00e0 di Tours): <em>A brief history of lists<\/em><\/li>\n<li>14.45 &#8211; 15:00 <strong>Francesca Masini<\/strong> (Universit\u00e0 di Bologna), <strong>Caterina Mauri<\/strong> (Universit\u00e0 di Bologna): <em>A future for lists<\/em><\/li>\n<li>15:00 &#8211; 15:40 <strong>INVITED TALK \u2013 John Du Bois<\/strong> (University of California, Santa Barbara): <em>Isotony: How prosodic resonance constructs category resonance<\/em><\/li>\n<li>15:40 &#8211; 16:10 <strong>Caterina Mauri<\/strong> (Universit\u00e0 di Bologna), <strong>Alessandra Barotto<\/strong> (Universit\u00e0 di Bergamo\/Universit\u00e0 di Pavia): <em>Constructing lists for constructing categories<\/em><\/li>\n<li>16:10 &#8211; 16:40 Coffee Break<\/li>\n<li>16:40 &#8211; 17:10 <strong>Giorgio Francesco Arcodia<\/strong> (Universit\u00e0 di Milano-Bicocca), <strong>Francesca Masini <\/strong>(Universit\u00e0 di Bologna): <em>Lists between lexicon and syntax: a web of constructions<\/em><\/li>\n<li>17:10 &#8211; 17:40 <strong>Miriam Voghera<\/strong> (Universit\u00e0 di Salerno): <em>Listing and repeating: two different<\/em><br \/>\n<em> strategies for textual progression?<\/em><\/li>\n<li>17:40 &#8211; 18:10 <strong>Elisabetta Bonvino<\/strong> (Universit\u00e0 Roma Tre), <strong>Diego Cort\u00e9s Vel\u00e1squez<\/strong> (Universit\u00e0<br \/>\nRoma Tre), <strong>Elisa Fiorenza (<\/strong>Universit\u00e0 Roma Tre): <em>Lists between approximation<\/em> <em>and lexical search: comparing L1 and L2<\/em><\/li>\n<li>18:10 &#8211; 18:30 Final discussion<\/li>\n<\/ul>\n<h3>Convenors<\/h3>\n<p>Francesca Masini (University of Bologna)<br \/>\nCaterina Mauri (University of Bologna)<br \/>\nPaola Pietrandrea (University of Tours &amp; LLL CNRS UMR 7270)<\/p>\n","protected":false},"excerpt":{"rendered":"<p>L CONGRESSO INTERNAZIONALE DI STUDI DELLA SLI (Societ\u00e0 di Linguistica Italiana) Milan, 22-24 September 2016 WORKSHOP List Constructions: formal and functional aspects Program 14.30 &#8211; 14:45 Sylvain Kahane (Universit\u00e9 Paris Ouest &amp; Modyco CNRS), Paola Pietrandrea (Universit\u00e0 di Tours): A&#8230;<br \/><a class=\"read-more-button\" href=\"http:\/\/www.lilec.it\/list\/sli2016\/\">Read more<\/a><\/p>\n","protected":false},"author":3,"featured_media":0,"parent":0,"menu_order":0,"comment_status":"closed","ping_status":"closed","template":"","meta":[],"_links":{"self":[{"href":"http:\/\/www.lilec.it\/list\/wp-json\/wp\/v2\/pages\/120"}],"collection":[{"href":"http:\/\/www.lilec.it\/list\/wp-json\/wp\/v2\/pages"}],"about":[{"href":"http:\/\/www.lilec.it\/list\/wp-json\/wp\/v2\/types\/page"}],"author":[{"embeddable":true,"href":"http:\/\/www.lilec.it\/list\/wp-json\/wp\/v2\/users\/3"}],"replies":[{"embeddable":true,"href":"http:\/\/www.lilec.it\/list\/wp-json\/wp\/v2\/comments?post=120"}],"version-history":[{"count":8,"href":"http:\/\/www.lilec.it\/list\/wp-json\/wp\/v2\/pages\/120\/revisions"}],"predecessor-version":[{"id":131,"href":"http:\/\/www.lilec.it\/list\/wp-json\/wp\/v2\/pages\/120\/revisions\/131"}],"wp:attachment":[{"href":"http:\/\/www.lilec.it\/list\/wp-json\/wp\/v2\/media?parent=120"}],"curies":[{"name":"wp","href":"https:\/\/api.w.org\/{rel}","templated":true}]}}