{"id":293,"date":"2013-03-13T15:34:30","date_gmt":"2013-03-13T15:34:30","guid":{"rendered":"http:\/\/www.lilec.it\/mmm\/wp\/?page_id=293"},"modified":"2013-03-13T16:08:35","modified_gmt":"2013-03-13T16:08:35","slug":"pastmeetings-mmm6-ithaca","status":"publish","type":"page","link":"http:\/\/www.lilec.it\/mmm\/?page_id=293","title":{"rendered":"[PastMeetings] MMM6 &#8211; Ithaca"},"content":{"rendered":"<h1>MMM6 &#8211; Ithaca<\/h1>\n<hr \/>\n<p>Date: 27-Sep-2007 &#8211; 30-Sep-2007<br \/>\nLocation: Ithaca, Greece<\/p>\n<h3>Topics:<\/h3>\n<p>&nbsp;<\/p>\n<h2>Program<\/h2>\n<p>Thursday, September 27<br \/>\n18.00 &#8211; 19.30<br \/>\nRegistration<br \/>\n19.30 &#8211; 19.50<br \/>\nOpening Ceremony<br \/>\n19.50 &#8211; 20.30<br \/>\nPeter Trudgill (Fribourg University), Invited Speaker, &#8221;English dialect<br \/>\n&#8221;default singulars&#8221; and Verner&#8217;s Law&#8221;.<br \/>\n20.30 &#8211; 21.30<br \/>\nReception<br \/>\nFriday, September 28<br \/>\n09.00 &#8211; 09.40<br \/>\nAngela Ralli (University of Patras), Invited Speaker, &#8221;Morphology meets<br \/>\nDialectology: Evidence from Modern Greek Dialects&#8221;<br \/>\n09.40 &#8211; 10.10<br \/>\nEulalia Bonet (Universitat Aut\u00f2noma de Barcelona), Maria-Rosa Lloret<br \/>\n(Universitat de Barcelona), Juan Mascaro (Universitat Aut\u00f2noma de Barcelona),<br \/>\n&#8221;Prenominal\/ postnominal asymmetries under split concord&#8221;.<br \/>\n10.10 &#8211; 10.40<br \/>\nJan Don (University of Amsterdam) &amp; Suzanne Aalberse (University of Amsterdam),<br \/>\n&#8221;Impoverishment in Dutch dialects&#8221;<br \/>\n10.40 &#8211; 11.00 Coffee Break<br \/>\n11.00 &#8211; 11.30<br \/>\nStephen R. Anderson (Yale University), &#8221;Phonologically conditioned allomorphy<br \/>\nin the morphology of Surmiran (Rumantsch)&#8221;<br \/>\n11.30 &#8211; 12.00<br \/>\nClaudio Iacobini (Universit\u00e0 di Salerno), &#8221;Pace Rohlfs: Italian phrasal verbs<br \/>\nare a dialectal innovation, not a calque from the German language&#8221;<br \/>\n12.00 &#8211; 12.30<br \/>\nDimitra Papangeli (Academy of Athens, University of Patras), &#8221;Compounding<br \/>\nacross the Greek Dialects&#8221;<br \/>\n12.30 &#8211; 13.00<br \/>\nMarc van Oostendorp (Meertens Instituut, Amsterdam), &#8221;Inflected possessive<br \/>\npronouns. Evidence from Dutch dialects&#8221;<br \/>\n13.00 &#8211; 15.00 Lunch Break<br \/>\n15.00 &#8211; 15.30<br \/>\nGreville Corbett (University of Surrey), &#8221;A canonical approach to<br \/>\nmorphosyntactic features&#8221;<br \/>\n15.30 &#8211; 16.00<br \/>\nVassilios Spyropoulos (University of Aegean) &amp; Konstantinos Kakarikos<br \/>\n(University of Athens), &#8221;Aspects of dialectic variation in the Greek declension<br \/>\nsystem: a feature-based approach&#8221;<br \/>\n16.00 &#8211; 16.30<br \/>\nFrancesca Masini (Universit\u00e0 Roma Tre) &amp; Anna Thornton (Universit\u00e0 dell&#8217;Aquila),<br \/>\n&#8221;Italian V-and-V lexical constructions&#8221;<br \/>\n16.30 &#8211; 17.00<br \/>\nAlice Harris (SUNY Stony Brook), &#8221;Is case a feature of the verb?&#8221;<br \/>\n17.00 &#8211; 17.30 Coffee Break<br \/>\n17.30 &#8211; 18.00<br \/>\nAndrew Spencer (University of Essex) &amp; Catherine Taylor (University of Essex),<br \/>\n&#8221;Maximising stems&#8221;<br \/>\n18.00 &#8211; 18.30<br \/>\nOlivier Bonami (Universit\u00e9 Paris-Sorbonne), Gilles Boy\u00e9 (Universit\u00e9 Bordeaux 3),<br \/>\nFabio Montermini (CNRS, Toulouse) &amp; Patricia Cabredo Hofherr (CNRS, Paris),<br \/>\n&#8221;Stem spaces in Romance conjugation&#8221;<br \/>\n18.30 &#8211; 19.00<br \/>\nAntje Lahne (University of Leipzig), &#8221;On deriving polarity effects&#8221;<br \/>\n19.00 &#8211; 19.40<br \/>\nVito Pirelli (CNR Pisa), Invited Speaker &#8221;MMM: Morphology, Memory and the<br \/>\nMental Lexicon&#8221;<br \/>\nSaturday, September 29<br \/>\n09.00 &#8211; 09.40<br \/>\nIngo Plag (Universit\u00e4t Siegen), Invited Speaker, &#8221;Deconstructing compound stress&#8221;<br \/>\n09.40 &#8211; 10.10<br \/>\nLivio Gaeta (Universit\u00e0 di Napoli), &#8221;On heads and compounds, a typological trip&#8221;<br \/>\n10.10 &#8211; 10.40<br \/>\nChiara Melloni (University of Verona) &amp; Antonietta Bisetto (University of<br \/>\nBologna), &#8221;Parasynthetic compounding&#8221;<br \/>\n10.40 &#8211; 11.00 Coffee Break<br \/>\n11.00 &#8211; 11.30<br \/>\nKlaus von Heusinger (Universit\u00e4t Stuttgart) &amp; Christoph Schwarze (Universit\u00e4t<br \/>\nKonstanz), &#8221;Italian V+N compounds in a two-level semantics&#8221;<br \/>\n11.30 &#8211; 12.00<br \/>\nAnne-Marie Brousseau (University of Toronto), &#8221;How to derive covert nominals:<br \/>\nagentive\/instrumental compounds in French&#8221;<br \/>\n12.00 &#8211; 12.30<br \/>\nCeccagno Antonella (University of Bologna) &amp; Basciano Bianca (University of<br \/>\nVerona), &#8221;Chinese compounds: classification and headedness&#8221;<br \/>\n12.30 &#8211; 13.00<br \/>\nEmanuele Banfi (Universit\u00e0 degli Studi di Milano-Bicocca), &#8221;The sh?ng complex<br \/>\nwords in Chinese: between morphology and semantics&#8221;<br \/>\n13.30 &#8211; 15.00 Lunch Break<br \/>\n15.00 &#8211; 15.30<br \/>\nBernard Fradin (CNRS &amp; University Paris 7), &#8221;On the semantics of denominal<br \/>\nadjectives&#8221;<br \/>\n15.30 &#8211; 16.00<br \/>\nJenny Audring (Vrije Universiteit Amsterdam), &#8221;Gender assignment and gender<br \/>\nagreement&#8221;<br \/>\n16.00 &#8211; 16.30<br \/>\nZanned Lazhar (University of Manouba), &#8221;Re-pluralization: The case of plurals<br \/>\nin Arabic&#8221;<br \/>\n16.30 &#8211; 17.00<br \/>\nJohn R. Perry (Chicago University), &#8221;Exaptation from Arabic syntax to Persian<br \/>\nLexical Morphology&#8221;<br \/>\n17.00 &#8211; 17.30 Coffee Break<br \/>\n17.30 &#8211; 18.00<br \/>\nNigel Vincent (University of Manchester), &#8221;The interaction of suppletion,<br \/>\ndefectiveness and periphrasis&#8221;<br \/>\n18.00 &#8211; 18.30<br \/>\nDany Amiot (Universit\u00e9 d&#8217;Artois), &#8221;Analogy vs. Rules: How can diachronic and<br \/>\nsynchronic perspectives be made to work together?&#8221;<br \/>\n18.30 &#8211; 19.00<br \/>\nCarola Trips (Universit\u00e4t Stuttgart), &#8221;New insights into the rivalry of suffixes&#8221;<br \/>\n19.00 &#8211; 19.40<br \/>\nTaro Kageyama (Kwansei Gakuin), Invited Speaker &#8221;Agent Incorporation and Other<br \/>\nPeculiar Morphological Operations Inducing Individual-Level Predications&#8221;<br \/>\n19.40 &#8211; 20.30<br \/>\nClosing Remarks &#8211; Business meeting<br \/>\n21.00 Dinner<br \/>\nSunday, September 30<br \/>\nBoat Cruise &#8211; The Tour of the Island<br \/>\nPosters<br \/>\nMarco Baroni (Universit\u00e0 di Trento), Emiliano Guevara (Universit\u00e0 di Bologna) &amp;<br \/>\nRoberto Zamparelli (Universit\u00e0 di Trento), &#8221;On the Structure of Italian<br \/>\ndeverbal compounds&#8221;<br \/>\nNicola Grandi (Universit\u00e0 di Milano &#8211; Bicocca) &amp; Fabio Montermini (CNRS &amp;<br \/>\nUniversit\u00e9 de Toulouse &#8211; le Mirail), &#8221;Structural complexity and position of the<br \/>\nhead in compounding: A hint for a new classification of compounds&#8221;<br \/>\nFiammetta Namer (Universit\u00e9 Nancy 2) &amp; Florence Villoing (CNRS &amp; Universit\u00e9<br \/>\nParis 8), &#8221;Interpreting French deverbal -oir nouns: evidence from dictionaries<br \/>\nand Web corpora&#8221;<br \/>\nAmanda Pounder (University of Calgary), &#8221;Morphological fragments in parallel<br \/>\nconstructions&#8221;<br \/>\nMaria Mastropavlou (Aristotle University of Thessaloniki) &amp; Ianthi-Maria Tsimpli<br \/>\n(Aristotle University of Thessaloniki), &#8221;The role of suffixes in grammatical<br \/>\ngender determination of Modern Greek nouns: a psycholinguistic study&#8221;<br \/>\nRita Manzini (University of Florence) &amp; Anna Roussou (University of Patras),<br \/>\n&#8221;Non-active voice in Greek and Albanian dialects&#8221;<\/p>\n","protected":false},"excerpt":{"rendered":"<p>MMM6 &#8211; Ithaca Date: 27-Sep-2007 &#8211; 30-Sep-2007 Location: Ithaca, Greece Topics: &nbsp; Program Thursday, September 27 18.00 &#8211; 19.30 Registration 19.30 &#8211; 19.50 Opening Ceremony 19.50 &#8211; 20.30 Peter Trudgill (Fribourg University), Invited Speaker, &#8221;English dialect &#8221;default singulars&#8221; and Verner&#8217;s &hellip; <a href=\"http:\/\/www.lilec.it\/mmm\/?page_id=293\">Continua a leggere <span class=\"meta-nav\">&rarr;<\/span><\/a><\/p>\n","protected":false},"author":2,"featured_media":0,"parent":0,"menu_order":0,"comment_status":"closed","ping_status":"closed","template":"","meta":[],"_links":{"self":[{"href":"http:\/\/www.lilec.it\/mmm\/index.php?rest_route=\/wp\/v2\/pages\/293"}],"collection":[{"href":"http:\/\/www.lilec.it\/mmm\/index.php?rest_route=\/wp\/v2\/pages"}],"about":[{"href":"http:\/\/www.lilec.it\/mmm\/index.php?rest_route=\/wp\/v2\/types\/page"}],"author":[{"embeddable":true,"href":"http:\/\/www.lilec.it\/mmm\/index.php?rest_route=\/wp\/v2\/users\/2"}],"replies":[{"embeddable":true,"href":"http:\/\/www.lilec.it\/mmm\/index.php?rest_route=%2Fwp%2Fv2%2Fcomments&post=293"}],"version-history":[{"count":6,"href":"http:\/\/www.lilec.it\/mmm\/index.php?rest_route=\/wp\/v2\/pages\/293\/revisions"}],"predecessor-version":[{"id":304,"href":"http:\/\/www.lilec.it\/mmm\/index.php?rest_route=\/wp\/v2\/pages\/293\/revisions\/304"}],"wp:attachment":[{"href":"http:\/\/www.lilec.it\/mmm\/index.php?rest_route=%2Fwp%2Fv2%2Fmedia&parent=293"}],"curies":[{"name":"wp","href":"https:\/\/api.w.org\/{rel}","templated":true}]}}