{"id":602,"date":"2015-02-27T16:16:51","date_gmt":"2015-02-27T16:16:51","guid":{"rendered":"http:\/\/www.lilec.it\/mmm\/wp\/?page_id=602"},"modified":"2016-09-30T09:21:11","modified_gmt":"2016-09-30T09:21:11","slug":"602-2","status":"publish","type":"page","link":"http:\/\/www.lilec.it\/mmm\/?page_id=602","title":{"rendered":"[Proceedings] MMM9 \u2013 Dubrovnik"},"content":{"rendered":"<h1><span style=\"color: #000000;\">online proceedings of the ninth mediterranean morphology meeting mmm9 (Dubrovnik) 15-18 September 2013<\/span><\/h1>\n<p><span style=\"color: #333333;\"><a href=\"http:\/\/www.lilec.it\/mmm\/wp\/wp-content\/uploads\/2015\/02\/cover_issue_293_en_US.jpg\"><img loading=\"lazy\" class=\"size-medium wp-image-771 alignnone\" src=\"http:\/\/www.lilec.it\/mmm\/wp\/wp-content\/uploads\/2015\/02\/cover_issue_293_en_US-212x300.jpg\" alt=\"cover_issue_293_en_us\" width=\"212\" height=\"300\" srcset=\"http:\/\/www.lilec.it\/mmm\/wp\/wp-content\/uploads\/2015\/02\/cover_issue_293_en_US-212x300.jpg 212w, http:\/\/www.lilec.it\/mmm\/wp\/wp-content\/uploads\/2015\/02\/cover_issue_293_en_US.jpg 250w\" sizes=\"(max-width: 212px) 100vw, 212px\" \/><\/a><\/span><\/p>\n<p>Edited by <strong>Jenny Audring<\/strong>, <strong>Nikos Koutsoukos<\/strong>, <strong>Francesca Masini<\/strong>, <strong>Ida Raffaelli<\/strong><br \/>\nDate of Publication: 2015<br \/>\nISSN: 1826-7491<br \/>\nUniversity of Leiden | University of Patras | University of Bologna | University of Zagreb<\/p>\n<p><span style=\"color: #000000;\"><strong>Full Volume<\/strong>: <\/span><a href=\"http:\/\/www.lilec.it\/mmm\/wp\/wp-content\/uploads\/2015\/02\/2276-3980-1-SM.pdf\">download here<\/a><\/p>\n<p><span style=\"color: #333333;\">Single papers are available through the <a style=\"color: #333333;\" href=\"http:\/\/xantho.lis.upatras.gr\/pasithee\/index.php\/mmm\/issue\/view\/293\/showToc\">MMM Online Proceedings Platform<\/a><\/span><\/p>\n<p>&nbsp;<\/p>\n<h2><span style=\"color: #000000;\">Table of contents<br \/>\n<\/span><\/h2>\n<ul>\n<li><span style=\"color: #000000;\">Cover &amp; Frontpage<\/span><\/li>\n<li><span style=\"color: #000000;\">Table of contents, Foreword &amp; Abstracts<\/span><\/li>\n<li><span style=\"color: #000000;\"><strong>Alexandra Bagasheva<\/strong>, <i>Paradigmatic word-formation, metonymy and compound verbs in English and Bulgarian<\/i><\/span><\/li>\n<li><span style=\"color: #000000;\"><strong>Tomislava Bo\u0161njak Botica<\/strong> and <strong>Ivana Orai\u0107 Rabu\u0161i\u0107<\/strong>, <i>Morphosemantic features of the third verb type (jeti verbs) in Croatian<\/i><\/span><\/li>\n<li><span style=\"color: #000000;\"><strong>Marcello Ferro<\/strong>, <strong>Claudia Marzi<\/strong> and <strong>Vito Pirrelli<\/strong>, <i>Lexical parsability and morphological structure<\/i><\/span><\/li>\n<li><span style=\"color: #000000;\"><b>Christina Gagn\u00e9<\/b> and <b>Thomas Spalding<\/b>, <i>Typing time as an index of morphological and semantic effects during English compound processing<\/i><\/span><\/li>\n<li><span style=\"color: #000000;\"><b>Aurore Koehl<\/b>, <i>Deadjectival nominalizations: suffix rivalry and synonymy<\/i><\/span><\/li>\n<li><span style=\"color: #000000;\"><b>Marin Lasserre<\/b> and <b>Fabio Montermini<\/b>, <i>Neoclassical compounds as relational adjectives<\/i><\/span><\/li>\n<li><span style=\"color: #000000;\"><b>Jo\u00e3o Paulo Lazzarini Cyrino<\/b>, <b>Paula Roberta Gabbai Armelin<\/b> and <b>Rafael Dias Minussi<\/b>, <i>On the encyclopedic knowledge of gender<\/i><\/span><\/li>\n<li><span style=\"color: #000000;\"><b>Francesca Masini<\/b>, <i>Idiomatic verb-clitic constructions: from lexicalization to productivity<\/i><\/span><\/li>\n<li><span style=\"color: #000000;\"><b>Akiko Nagano <\/b>and<b> Masaharu Shimada<\/b>, <i>Relational Adjectives in English and Japanese and the RA vs. PP debate<\/i><\/span><\/li>\n<li><span style=\"color: #000000;\"><b>Alexandra Soares Rodrigues<\/b>, <i>Semantic rivalry between affixes: the case of Portuguese nominalisers<\/i><\/span><\/li>\n<li><span style=\"color: #000000;\"><b>Pavel \u0160tichauer<\/b>, <i>The meaning of\u00a0Italian VN compounds in a diachronic perspective: the development of a word-formation rule and its semantic instruction<\/i><\/span><\/li>\n<\/ul>\n<p><em>The volume can be downloaded free of charge either as a single PDF file, or separately as individual PDF files. To view and print these files you will need a pdf-viewer, such as Acrobat Reader. If you do not have a copy of Acrobat Reader, you may download it free from\u00a0<a href=\"http:\/\/www.adobe.com\/products\/acrobat\/\" target=\"_blank\">Adobe<\/a>.<\/em><\/p>\n","protected":false},"excerpt":{"rendered":"<p>online proceedings of the ninth mediterranean morphology meeting mmm9 (Dubrovnik) 15-18 September 2013 Edited by Jenny Audring, Nikos Koutsoukos, Francesca Masini, Ida Raffaelli Date of Publication: 2015 ISSN: 1826-7491 University of Leiden | University of Patras | University of Bologna &hellip; <a href=\"http:\/\/www.lilec.it\/mmm\/?page_id=602\">Continua a leggere <span class=\"meta-nav\">&rarr;<\/span><\/a><\/p>\n","protected":false},"author":5,"featured_media":0,"parent":66,"menu_order":0,"comment_status":"closed","ping_status":"closed","template":"","meta":[],"_links":{"self":[{"href":"http:\/\/www.lilec.it\/mmm\/index.php?rest_route=\/wp\/v2\/pages\/602"}],"collection":[{"href":"http:\/\/www.lilec.it\/mmm\/index.php?rest_route=\/wp\/v2\/pages"}],"about":[{"href":"http:\/\/www.lilec.it\/mmm\/index.php?rest_route=\/wp\/v2\/types\/page"}],"author":[{"embeddable":true,"href":"http:\/\/www.lilec.it\/mmm\/index.php?rest_route=\/wp\/v2\/users\/5"}],"replies":[{"embeddable":true,"href":"http:\/\/www.lilec.it\/mmm\/index.php?rest_route=%2Fwp%2Fv2%2Fcomments&post=602"}],"version-history":[{"count":26,"href":"http:\/\/www.lilec.it\/mmm\/index.php?rest_route=\/wp\/v2\/pages\/602\/revisions"}],"predecessor-version":[{"id":773,"href":"http:\/\/www.lilec.it\/mmm\/index.php?rest_route=\/wp\/v2\/pages\/602\/revisions\/773"}],"up":[{"embeddable":true,"href":"http:\/\/www.lilec.it\/mmm\/index.php?rest_route=\/wp\/v2\/pages\/66"}],"wp:attachment":[{"href":"http:\/\/www.lilec.it\/mmm\/index.php?rest_route=%2Fwp%2Fv2%2Fmedia&parent=602"}],"curies":[{"name":"wp","href":"https:\/\/api.w.org\/{rel}","templated":true}]}}