{"id":134,"date":"2012-05-22T10:56:59","date_gmt":"2012-05-22T08:56:59","guid":{"rendered":"http:\/\/www.lilec.it\/cisq\/wp\/?page_id=134"},"modified":"2016-12-14T09:42:38","modified_gmt":"2016-12-14T08:42:38","slug":"archivio-eventi","status":"publish","type":"page","link":"https:\/\/www.lilec.it\/cisq\/archivio-eventi\/","title":{"rendered":"Eventi | Ev\u00e9nements"},"content":{"rendered":"<div class=\"fusion-fullwidth fullwidth-box fusion-builder-row-1 nonhundred-percent-fullwidth non-hundred-percent-height-scrolling\" style=\"--awb-border-radius-top-left:0px;--awb-border-radius-top-right:0px;--awb-border-radius-bottom-right:0px;--awb-border-radius-bottom-left:0px;--awb-flex-wrap:wrap;\" ><div class=\"fusion-builder-row fusion-row\"><div class=\"fusion-layout-column fusion_builder_column fusion-builder-column-0 fusion_builder_column_1_1 1_1 fusion-one-full fusion-column-first fusion-column-last\" style=\"--awb-bg-size:cover;--awb-margin-bottom:0px;\"><div class=\"fusion-column-wrapper fusion-flex-column-wrapper-legacy\"><div class=\"fusion-text fusion-text-1\"><p><strong>A cura del Centro Interuniversitario di Studi Quebecchesi (CISQ):<\/strong><\/p>\n<p>&nbsp;<\/p>\n<\/div><div class=\"fusion-tabs fusion-tabs-1 classic nav-is-justified horizontal-tabs icon-position-left mobile-mode-accordion\" style=\"--awb-title-border-radius-top-left:0px;--awb-title-border-radius-top-right:0px;--awb-title-border-radius-bottom-right:0px;--awb-title-border-radius-bottom-left:0px;--awb-inactive-color:#ebeaea;--awb-background-color:#ffffff;--awb-border-color:#ebeaea;--awb-active-border-color:#1e24d8;\"><div class=\"nav\"><ul class=\"nav-tabs nav-justified\" role=\"tablist\"><li class=\"active\" role=\"presentation\"><a class=\"tab-link\" data-toggle=\"tab\" role=\"tab\" aria-controls=\"tab-63fad4821eeb7fbc932\" aria-selected=\"true\" id=\"fusion-tab-2014\/15\" href=\"#tab-63fad4821eeb7fbc932\"><h4 class=\"fusion-tab-heading\">2014\/15<\/h4><\/a><\/li><li role=\"presentation\"><a class=\"tab-link\" data-toggle=\"tab\" role=\"tab\" aria-controls=\"tab-e631795e1d6ef9ceb6d\" aria-selected=\"false\" tabindex=\"-1\" id=\"fusion-tab-2013\/14\" href=\"#tab-e631795e1d6ef9ceb6d\"><h4 class=\"fusion-tab-heading\">2013\/14<\/h4><\/a><\/li><li role=\"presentation\"><a class=\"tab-link\" data-toggle=\"tab\" role=\"tab\" aria-controls=\"tab-41a37368961f3b9d3e4\" aria-selected=\"false\" tabindex=\"-1\" id=\"fusion-tab-2012\/13\" href=\"#tab-41a37368961f3b9d3e4\"><h4 class=\"fusion-tab-heading\">2012\/13<\/h4><\/a><\/li><li role=\"presentation\"><a class=\"tab-link\" data-toggle=\"tab\" role=\"tab\" aria-controls=\"tab-6e26d36d32b49b015c2\" aria-selected=\"false\" tabindex=\"-1\" id=\"fusion-tab-2011\/12\" href=\"#tab-6e26d36d32b49b015c2\"><h4 class=\"fusion-tab-heading\">2011\/12<\/h4><\/a><\/li><li role=\"presentation\"><a class=\"tab-link\" data-toggle=\"tab\" role=\"tab\" aria-controls=\"tab-5ca734cbc268917a426\" aria-selected=\"false\" tabindex=\"-1\" id=\"fusion-tab-2010\/11\" href=\"#tab-5ca734cbc268917a426\"><h4 class=\"fusion-tab-heading\">2010\/11<\/h4><\/a><\/li><li role=\"presentation\"><a class=\"tab-link\" data-toggle=\"tab\" role=\"tab\" aria-controls=\"tab-4ecf8db6b6fd79366d6\" aria-selected=\"false\" tabindex=\"-1\" id=\"fusion-tab-2009\/10\" href=\"#tab-4ecf8db6b6fd79366d6\"><h4 class=\"fusion-tab-heading\">2009\/10<\/h4><\/a><\/li><li role=\"presentation\"><a class=\"tab-link\" data-toggle=\"tab\" role=\"tab\" aria-controls=\"tab-85c2e4fc99eaf269f64\" aria-selected=\"false\" tabindex=\"-1\" id=\"fusion-tab-2008\/09\" href=\"#tab-85c2e4fc99eaf269f64\"><h4 class=\"fusion-tab-heading\">2008\/09<\/h4><\/a><\/li><li role=\"presentation\"><a class=\"tab-link\" data-toggle=\"tab\" role=\"tab\" aria-controls=\"tab-fd4bb6d739948b1ab4b\" aria-selected=\"false\" tabindex=\"-1\" id=\"fusion-tab-primadel2008\" href=\"#tab-fd4bb6d739948b1ab4b\"><h4 class=\"fusion-tab-heading\">Prima del 2008<\/h4><\/a><\/li><\/ul><\/div><div class=\"tab-content\"><div class=\"nav fusion-mobile-tab-nav\"><ul class=\"nav-tabs nav-justified\" role=\"tablist\"><li class=\"active\" role=\"presentation\"><a class=\"tab-link\" data-toggle=\"tab\" role=\"tab\" aria-controls=\"tab-63fad4821eeb7fbc932\" aria-selected=\"true\" id=\"mobile-fusion-tab-2014\/15\" href=\"#tab-63fad4821eeb7fbc932\"><h4 class=\"fusion-tab-heading\">2014\/15<\/h4><\/a><\/li><\/ul><\/div><div class=\"tab-pane fade fusion-clearfix in active\" role=\"tabpanel\" tabindex=\"0\" aria-labelledby=\"fusion-tab-2014\/15\" id=\"tab-63fad4821eeb7fbc932\">\n<p>\u2013 Jean-Marc LARRUE, \u201cLes conjonctures m\u00e9diatrices: la fin du m\u00e9dia\u201d, seminario, Universit\u00e0 di Bologna, 8 maggio 2015.<\/p>\n<p>\u2013 Jean-Marc LARRUE, \u201cHyperm\u00e9dialit\u00e9 et transm\u00e9dialit\u00e9: les autres formes de dynamiques interm\u00e9diales\u201d, seminario, Universit\u00e0 di Bologna, 8 maggio 2015.<\/p>\n<p>\u2013 Lise GAUVIN, \u201cLa francophonie litt\u00e9raire: un archipel en devenir\u201d, conferenza, Universit\u00e0 di Venezia, 8 maggio 2015.<\/p>\n<p>\u2013 Lise GAUVIN, \u201cComment peut-on \u00eatre montr\u00e9alais? La ville et ses fictions\u201d, conferenza, Universit\u00e0 di Trento, 7 maggio 2015.<\/p>\n<p>\u2013 Jean-Marc LARRUE, \u201cInterm\u00e9dialit\u00e9 et interartialit\u00e9: la fin des monades\u201d, seminario, Universit\u00e0 di Bologna, 7 maggio 2015.<\/p>\n<p>\u2013 Jean-Marc LARRUE, \u201cLe effets de la guerre\u201d, conferenza, Universit\u00e0 di Bologna, 6 maggio 2015.<\/p>\n<p>\u2013 Jean-Marc LARRUE, \u201cLes guerres dans le th\u00e9\u00e2tre qu\u00e9b\u00e9cois\u201d, conferenza, Universit\u00e0 di Bologna, 5 maggio 2015.<\/p>\n<p>\u2013 Lise GAUVIN, \u201cCes \u00e9trangers du dedans: l\u2019\u00e9criture dite migrante\u201d, conferenza, Universit\u00e0 di Bologna, 5 maggio 2015.<\/p>\n<p>\u2013 Lise GAUVIN, \u201cLe laboratoire qu\u00e9b\u00e9cois: langue et litt\u00e9rature\u201d, conferenza, Universit\u00e0 degli Studi Internazionali di Roma, 4 maggio 2015.<\/p>\n<p>\u2013 Jonathan MERLO, \u201c\u201dEntre Babel et Pentec\u00f4te. Langue(s) et identit\u00e9(s) au Qu\u00e9bec\u201d, conferenza, Universit\u00e0 di Bologna, 23 aprile 2015.<\/p>\n<p>\u2013 Patricia GODBOUT, \u201cLa litt\u00e9rature qu\u00e9b\u00e9coise et la guerre\u201d, conferenza, Universit\u00e0 di Bologna, 20 aprile 2015.<\/p>\n<p>\u2013 Jean-Fran\u00e7ois PLAMONDON, \u201cLa Construction identitaire au Qu\u00e9bec \u00e0 l\u2019heure d\u2019une la\u00efcit\u00e9 questionn\u00e9e\u201d, conferenza, Universit\u00e0 di Bologna, 16 aprile 2015.<\/p>\n<p>\u2013 Paola PUCCINI, \u201cLe tiers espace de la m\u00e9diation: <em>La Sarrasine<\/em> de Bruno Ramirez et Paul Tana, conferenza, Universit\u00e0 di Bologna, 16 aprile 2015.<\/p>\n<p>\u2013 Seminario internazionale, \u201cLangue et pouvoir\u201d, participanti: Annette BOUDREAU, Marco MODENESI, Wim REMYSEN, Anna GIAUFRET, Nadine VINCENT, Cristina BRANCAGLION, Universit\u00e0 di Bologna, 5 marzo 2015.<\/p>\n<p>\u2013 Sophie BIENVENU, \u00ab\u00a0L\u2019oralit\u00e9 dans le roman\u00a0\u00bb, conferenza, Universit\u00e0 degli Studi di Parma, 24 ottobre 2014.<\/p>\n<p>\u2013\u00a0 Sophie BIENVENU, \u00ab\u00a0Quand la rue s\u2019invite en litt\u00e9rature\u00a0\u00bb, conferenza, Universit\u00e0 degli Studi di Milano, 23 ottobre 2014.<\/p>\n<p>\u2013 Sophie BIENVENU, \u00ab\u00a0Ecriture sc\u00e9naristique\u00a0: l\u2019adaptation d\u2019une \u0153uvre au cin\u00e9ma\u00a0\u00bb, conferenza, Institut fran\u00e7ais de Milan, 22 ottobre 2014.<\/p>\n<p>\u2013 Sherry SIMON, \u00ab\u00a0Villes en traduction\u00a0: de Trieste \u00e0 Montr\u00e9al\u00a0\u00bb, conferenza, Universit\u00e0 degli Studi di Milano, 22 Ottobre 2014.<\/p>\n<p>\u2013 Harold BERUBE, \u201cUnis contre l\u2019ennemi commun ? Montr\u00e9al 1917\u201d, conferenza, Universit\u00e0 di Bologna, 22 Ottobre 2014.<\/p>\n<p>\u2013 Marco ALBERIO, \u00ab\u00a0Crescere e vivere in un quartiero povero\u00a0: un prospettiva comparata sugli effetti du quartiere a Parigi e a Milano\u00a0\u00bb, conferenza, Universit\u00e0 di Bologna, 21 Ottobre 2014.<\/p>\n<p>-Convegno internazionale, \u201cLe Bien-\u00eatre en ville\u201d, participanti: Marco ALBERIO, Harold BERUBE, Sherry SIMON, Sophie BIENVENU, Marco MODENESI, Dino GAVINELLI, Paola PUCCINI, Guy MERCIER, Anna GIAUFRET, Philippe POULLAOUEC-GONIDEC, Alessandra CAPUANO, Maurizio BERGAMASCHI, Marco CATRIGNANO, Annick FARINA, Jean-Fran\u00e7ois PLAMONDON, Cristiano FELICE, Gerardo ACERENZA, Universit\u00e0 di Bologna, 20-21 ottobre 2014.<\/p>\n<\/div><div class=\"nav fusion-mobile-tab-nav\"><ul class=\"nav-tabs nav-justified\" role=\"tablist\"><li role=\"presentation\"><a class=\"tab-link\" data-toggle=\"tab\" role=\"tab\" aria-controls=\"tab-e631795e1d6ef9ceb6d\" aria-selected=\"false\" tabindex=\"-1\" id=\"mobile-fusion-tab-2013\/14\" href=\"#tab-e631795e1d6ef9ceb6d\"><h4 class=\"fusion-tab-heading\">2013\/14<\/h4><\/a><\/li><\/ul><\/div><div class=\"tab-pane fade fusion-clearfix\" role=\"tabpanel\" tabindex=\"0\" aria-labelledby=\"fusion-tab-2013\/14\" id=\"tab-e631795e1d6ef9ceb6d\">\n<p>\u2013 Catia NANNONI, \u00ab\u00a0Regards sur la traductologie qu\u00e9b\u00e9coise\u00a0\u00bb, conferenza, Universit\u00e0 di Bologna, 16 maggio 2014.<\/p>\n<p>\u2013 Valeria ZOTTI, \u00ab\u00a0Des dictionnaires aux bases de donn\u00e9es pour traduire le fran\u00e7ais qu\u00e9b\u00e9cois\u00a0\u00bb, conferenza, Universit\u00e0 di Bologna, 29 aprile 2014.<\/p>\n<p>\u2013 Jean-Fran\u00e7ois PLAMONDON, \u00ab\u00a0Le r\u00f4le probl\u00e9matique de la r\u00e9ception dans l\u2019autobiographie qu\u00e9b\u00e9coise et de l\u2019horizon d\u2019attente en (auto)traduction\u00a0\u00bb, conferenza, Universit\u00e0 di Bologna, 16 aprile 2014.<\/p>\n<p>\u2013 Fabio REGATTIN, \u00ab\u00a0Traductions italiennes du th\u00e9\u00e2tre qu\u00e9b\u00e9cois : premier volet, les traducteurs\u00a0\u00bb, conferenza, Universit\u00e0 di Bologna, 2 aprile 2014.<\/p>\n<p>\u2013 Myriam SUCHET, \u00ab\u00a0Un Qu\u00e9bec qui traduit \u2018Pour l\u2019augure d\u2019un temps nouveau\u2019: vers un imaginaire h\u00e9t\u00e9rolingue\u00a0\u00bb, conferenza, Universit\u00e0 di Bologna, 16 dicembre 2013.<\/p>\n<p>\u2013 Anna GIAUFRET, \u00ab\u00a0Traduire l\u2019ostie d\u2019b\u00e9d\u00e9\u00a0: plurilinguisme, realia et variation\u00a0\u00bb, conferenza, Universit\u00e0 di Bologna, 21 novembre 2013.<\/p>\n<p>\u2013 Chantal SAVOIE, \u00ab La page f\u00e9minine dans les grands quotidiens montr\u00e9alais comme lieu de sociabilit\u00e9\u00a0\u00bb, conferenza, Universit\u00e0 di Bologna, 23 ottobre 2013.<\/p>\n<p>\u2013 Gerardo ACERENZA, \u00ab\u00a0Convergences et divergences dans la traduction des canadianismes\u00a0\u00bb, conferenza, Universit\u00e0 di Bologna, 12 dicembre 2013.<\/p>\n<\/div><div class=\"nav fusion-mobile-tab-nav\"><ul class=\"nav-tabs nav-justified\" role=\"tablist\"><li role=\"presentation\"><a class=\"tab-link\" data-toggle=\"tab\" role=\"tab\" aria-controls=\"tab-41a37368961f3b9d3e4\" aria-selected=\"false\" tabindex=\"-1\" id=\"mobile-fusion-tab-2012\/13\" href=\"#tab-41a37368961f3b9d3e4\"><h4 class=\"fusion-tab-heading\">2012\/13<\/h4><\/a><\/li><\/ul><\/div><div class=\"tab-pane fade fusion-clearfix\" role=\"tabpanel\" tabindex=\"0\" aria-labelledby=\"fusion-tab-2012\/13\" id=\"tab-41a37368961f3b9d3e4\">\n<p>\u2013 Licia CANTON, \u00ab\u00a0Ecrire et traduire les cultures\u00a0\u00bb, conferenza, Universit\u00e0 di Bologna, 21 maggio 2013.<\/p>\n<p>\u2013 Valeria ZOTTI, \u00ab\u00a0La base lexicale QUIT\u00a0: Un nouvel outil pour comprendre la dia-variation du fran\u00e7ais qu\u00e9b\u00e9cois\u00a0\u00bb, conferenza, Universit\u00e0 di Bologna, 24 aprile 2013.<\/p>\n<p>\u2013 Cristiano FELICE, \u00ab\u00a0Marie-H\u00e9l\u00e8ne Poitras, Nadine Bismuth, Ying Chen\u00a0: prose diverse, traduzioni diverse della variante Qu\u00e9bec\u00a0\u00bb, conferenza, Universit\u00e0 di Bologna, 17 aprile 2013.<\/p>\n<p>\u2013 Alessandra FERRARO, \u00ab\u00a0L\u2019autotraduzione nelle letterature migranti, il caso di Antonio D\u2019Alfonso\u00a0\u00bb, conferenza, Universit\u00e0 di Bologna, 8 aprile 2013.<\/p>\n<p>\u2013 Louise LADOUCEUR, \u00ab\u00a0Th\u00e9\u00e2tre bilingue et surtitres au Canada fran\u00e7ais\u00a0\u00bb, conferenza, Universit\u00e0 di Bologna, 20 marzo 2013.<\/p>\n<p>\u2013 Paola PUCCINI, \u00ab\u00a0 Tradurre l\u2019altro\u00a0: la pratica traduttive in Quebec dagli anni settanta ai giorni nostri\u00a0\u00bb, conferenza, Universit\u00e0 di Bologna, 6 marzo 2013.<\/p>\n<p>\u2013 Patricia GODBOUT, \u00ab\u00a0<em>Le\u00a0r\u00eave de Kamalmouk<\/em>, l\u2019autotraduction chez Marius Barbeau \u00bb, conferenza, Universit\u00e0 di Bologna, 11 dicembre 2012.<\/p>\n<p>\u2013 1<sup>ers<\/sup> Etats g\u00e9n\u00e9raux des \u00e9tudes qu\u00e9b\u00e9coises en Italie et perspective europ\u00e9enne, partecipanti\u00a0: Carla SALVATERRA, Robert LALIBERTE, Anna Paola MOSSETTO, Jean-Pierre BERTRAND, Alessandra FERRARO, William MARSHALL, Klaus-Dieter ERTLER, Doris EIBL, Helga BORIES-SAWALA, Ekaterina ISAEVA, Oriana PALUSCI, Claude HAUSER, Anna Paola SONCINI, Marco MODENESI, Myriam SUCHET, Sergio ZOPPI, Florence DAVAILLE, Anne DE VAUCHER, Rachel KILLICK, Yannick RESCH, Marina LOPEZ MARTINEZ, Anna GIAUFRET, H\u00e9l\u00e8ne AMRIT, Lucie PICARD, Paola PUCCINI, Luca CODIGNOLA, Catherine FOISY, Dino GAVINELLI, Luc AMPLEMAN, Paolo ALBERTAZZI, Maria Chiara GNOCCHI, Jonathan MERLO, Valeria ZOTTI, Jean-Fran\u00e7ois PLAMONDON, Amalia Daniela RENOSTO, Universit\u00e0 di Bologna, 1-2 ottobre 2012.<\/p>\n<\/div><div class=\"nav fusion-mobile-tab-nav\"><ul class=\"nav-tabs nav-justified\" role=\"tablist\"><li role=\"presentation\"><a class=\"tab-link\" data-toggle=\"tab\" role=\"tab\" aria-controls=\"tab-6e26d36d32b49b015c2\" aria-selected=\"false\" tabindex=\"-1\" id=\"mobile-fusion-tab-2011\/12\" href=\"#tab-6e26d36d32b49b015c2\"><h4 class=\"fusion-tab-heading\">2011\/12<\/h4><\/a><\/li><\/ul><\/div><div class=\"tab-pane fade fusion-clearfix\" role=\"tabpanel\" tabindex=\"0\" aria-labelledby=\"fusion-tab-2011\/12\" id=\"tab-6e26d36d32b49b015c2\">\n<p>\u2013 Charles LEBLANC, \u00ab\u00a0Traduzione e Retorica nel Rinascimento: il ruolo della storia in traduttologia \u00bb, conferenza, Universit\u00e0 di Bologna, 9 maggio 2012.<\/p>\n<p>\u2013 Marc CHARRON, \u00abA l\u2019origine du nationalisme qu\u00e9b\u00e9cois\u00a0: les retraductions du rapport Durham\u00a0\u00bb, conferenza, Universit\u00e0 di Bologna, 7 maggio 2012.<\/p>\n<p>\u2013 Gilles DUPUIS, \u00ab\u00a0La revanche des r\u00e9gions: r\u00e9gionalisme et altermondialisme dans la litt\u00e9rature et la culture qu\u00e9b\u00e9coises \u00bb, conferenza, Universit\u00e0 di Bologna, 19 aprile 2012.<\/p>\n<p>\u2013 ZVIANE, Nawel LOUERRAD, \u00ab\u00a0Enjeux linguistiques dans les b\u00e9d\u00e9s et blogues francophones\u00a0\u00bb, tavola rotonda, Universit\u00e0 di Bologna, 20 marzo 2012.<\/p>\n<\/div><div class=\"nav fusion-mobile-tab-nav\"><ul class=\"nav-tabs nav-justified\" role=\"tablist\"><li role=\"presentation\"><a class=\"tab-link\" data-toggle=\"tab\" role=\"tab\" aria-controls=\"tab-5ca734cbc268917a426\" aria-selected=\"false\" tabindex=\"-1\" id=\"mobile-fusion-tab-2010\/11\" href=\"#tab-5ca734cbc268917a426\"><h4 class=\"fusion-tab-heading\">2010\/11<\/h4><\/a><\/li><\/ul><\/div><div class=\"tab-pane fade fusion-clearfix\" role=\"tabpanel\" tabindex=\"0\" aria-labelledby=\"fusion-tab-2010\/11\" id=\"tab-5ca734cbc268917a426\">\n<p>\u2013 Annick FARINA e Valeria ZOTTI (dir.), Colloque international \u201cDes mots et des mondes : variations linguistiques, traduction\u201d, Colloque en l\u2019honneur de Claude Poirier, Universit\u00e0 di Firenze e Universit\u00e0 di Bologna, CISQ (Firenze 28-29 giugno 2011).<\/p>\n<p>\u2013 Louis MERCIER, Universit\u00e9 de Sherbrooke, conferenza : \u00abLe Dictionnaire de la langue fran\u00e7aise. Le fran\u00e7ais vu du Qu\u00e9bec (FVQ)\u00bb, CILTA, Universit\u00e0 di Bologna, 6 maggio 2011.<\/p>\n<p>\u2013 Valeria ZOTTI e Jean-Fran\u00e7ois PLAMONDON, Universit\u00e0 di Bologna, presentazione del film di Giovanni Pincigalli: \u00abHo fatto il mio coraggio\u00bb in occasione della Festa della Francofonia, Bologna, 30 marzo 2011.<\/p>\n<p>\u2013 Anne de VAUCHER incontra lo scrittore quebecchese Naim Kattan, Alliance fran\u00e7aise de Venise, 28 marzo 2011.<\/p>\n<p>\u2013 Jean-Fran\u00e7ois PLAMONDON incontra lo scrittore quebecchese Naim Kattan, Universit\u00e0 di Bologna, 25 marzo 2011.<\/p>\n<p>\u2013 Anna Paola MOSSETTO incontra i scrittori quebecchesi Larry TREMBLAY e Simon BOULERICE, Universit\u00e0 di Torino, 10 marzo 2011.<\/p>\n<p>\u2013 Convegno internazionale \u00abVariations sur partitions francophones\u00bb, Bologna, 7 e 8 marzo 2011, partecipanti: Sabrina PARENT, Vito PECORARO, Elena PESSINI, Victoria FAMIN, Alba PESSINI, Justin BISANSWA, Anna Paola MOSSETTO, Simon BOULERICE, Larry TREMBLAY, Anne de VAUCHER, Madeleine FREDERIC, Cristina MINELLE, Jean-Fran\u00e7ois PLAMONDON, Stefania CUBEDDU, Ilaria VITALI, Dominique COMBE.<\/p>\n<p>-Jean-Fran\u00e7ois PLAMONDON, Universit\u00e0 di Bologna, conferenza: \u00abPour le d\u00e9centrement du fran\u00e7ais\u00bb, CILTA, Universit\u00e0 di Bologna, 19 febbraio 2011.<\/p>\n<p>-Kim THUY, Cinzia POLI e Valeria ZOTTI, presentazione del romanzo Riva, Universit\u00e0 di Bologna, 7 dicembre 2010.<\/p>\n<p>-Jean-Fran\u00e7ois PLAMONDON, Universit\u00e0 di Bologna, conferenza: \u00abD\u00e9mocratie et f\u00e9d\u00e9ralisme canadien\u00bb, Scienze politiche, Universit\u00e0 di Bologna, 14 ottobre 2010.<\/p>\n<\/div><div class=\"nav fusion-mobile-tab-nav\"><ul class=\"nav-tabs nav-justified\" role=\"tablist\"><li role=\"presentation\"><a class=\"tab-link\" data-toggle=\"tab\" role=\"tab\" aria-controls=\"tab-4ecf8db6b6fd79366d6\" aria-selected=\"false\" tabindex=\"-1\" id=\"mobile-fusion-tab-2009\/10\" href=\"#tab-4ecf8db6b6fd79366d6\"><h4 class=\"fusion-tab-heading\">2009\/10<\/h4><\/a><\/li><\/ul><\/div><div class=\"tab-pane fade fusion-clearfix\" role=\"tabpanel\" tabindex=\"0\" aria-labelledby=\"fusion-tab-2009\/10\" id=\"tab-4ecf8db6b6fd79366d6\">\n<p>\u2013 Karim LAROSE, Universit\u00e9 de Montr\u00e9al, seminario: \u00abFronti\u00e8res culturelles euro-am\u00e9ricaines du Qu\u00e9bec\u00bb, Bologna, 7-8-9 giugno 2010.<\/p>\n<p>-Jean-Fran\u00e7ois PLAMONDON, Universit\u00e0 di Bologna, conferenza: \u00abFronti\u00e8res g\u00e9n\u00e9riques, fronti\u00e8res r\u00e9f\u00e9rentielles: Autobiographies et autofictions au Qu\u00e9bec\u00bb, Universit\u00e9 de Montr\u00e9al, 10 mai 2010.<\/p>\n<p>-Carla FRATTA e Jean-Fran\u00e7ois PLAMONDON, Universit\u00e0 di Bologna, presentazione del film di Robert Lepage: \u00abLe confessionnal\u00bb in occasione della Festa della Francofonia, Bologna, 23 marzo 2010.<\/p>\n<p>-Jean-Fran\u00e7ois PLAMONDON, Universit\u00e0 di Bologna, conferenza: \u00abLe d\u00e9sert comme structure de l\u2019\u00eatre en Am\u00e9rique, une \u00e9tude des Etats-Unis d\u2019Albert\u00bb, Torino, 27-28 ottobre 2009.<\/p>\n<p>-Jean BERENGER, Paris IV-Sorbonne, conferenza: \u00abLa pr\u00e9sence fran\u00e7aise au Qu\u00e9bec, 1608-1759\u00bb, Bologna, 22 ottobre 2009.<\/p>\n<\/div><div class=\"nav fusion-mobile-tab-nav\"><ul class=\"nav-tabs nav-justified\" role=\"tablist\"><li role=\"presentation\"><a class=\"tab-link\" data-toggle=\"tab\" role=\"tab\" aria-controls=\"tab-85c2e4fc99eaf269f64\" aria-selected=\"false\" tabindex=\"-1\" id=\"mobile-fusion-tab-2008\/09\" href=\"#tab-85c2e4fc99eaf269f64\"><h4 class=\"fusion-tab-heading\">2008\/09<\/h4><\/a><\/li><\/ul><\/div><div class=\"tab-pane fade fusion-clearfix\" role=\"tabpanel\" tabindex=\"0\" aria-labelledby=\"fusion-tab-2008\/09\" id=\"tab-85c2e4fc99eaf269f64\">\n<p>-Giornata di studi: \u00abLa\u00efcit\u00e9 et religion \u00e0 l\u2019heure des soci\u00e9t\u00e9s plurielles. L\u2019actualit\u00e9 du mod\u00e8le qu\u00e9b\u00e9cois\u00bb, Bologna, 8 giugno 2009, partecipanti: G\u00e9rard BOUCHARD, Jocelyn MACLURE, Arrigo CHIEREGATTI, Solange LEFEBVRE, Nicola RUISI, Luca ALESSANDRINI, Martin MEUNIER, Marie-Andr\u00e9e BEAUDET.<\/p>\n<p>\u2013 Carla FRATTA, Universit\u00e0 di Bologna, conferenza: \u00abSpazio e sogno\u00bb, Bologna, 15 maggio 2009.<\/p>\n<p>\u2013 Martine-Emmanuelle LAPOINTE, Universit\u00e9 de Montr\u00e9al, seminario: \u00abHistoire, m\u00e9moire, filiations dans le roman qu\u00e9b\u00e9cois des ann\u00e9es 1960 \u00e0 nos jours\u00bb, Bologna, 28, 29, 30 aprile 2009.<\/p>\n<p>\u2013 Felicia MIHALI, conferenza: \u00abLe Canada terre d\u2019accueil\u00bb, Bari, 11 marzo 2009.<\/p>\n<p>\u2013 Felicia MIHALI, conferenza: \u00abEcrire \u00e0 travers le monde\u00bb, Torino, 9 marzo 2009.<\/p>\n<p>\u2013 Gabriella MASSA, conferenza: \u00abVoci di donna dall\u2019Artico canadese: Sanaaq. Il romanzo attipico della scrittrice analfabeta Mitiarjuk Nappaluuk\u00bb, Torino, 4 marzo 2009.<\/p>\n<p>\u2013 Tavola rotonda: \u00abLes lieux de m\u00e9moire dans la cit\u00e9 plurielle\u00bb, Venezia, 24-25 ottobre 2008, partecipanti: Eleni TRIANTAFILLOU, Renata SEGRE, Boghos Levon ZEKIYAN, Jean-Claude BONNET, R\u00e9gine ROBIN, Jacques BEAUCHEMIN, Giulia VERTECCHI, Eric MARTIN<\/p>\n<\/div><div class=\"nav fusion-mobile-tab-nav\"><ul class=\"nav-tabs nav-justified\" role=\"tablist\"><li role=\"presentation\"><a class=\"tab-link\" data-toggle=\"tab\" role=\"tab\" aria-controls=\"tab-fd4bb6d739948b1ab4b\" aria-selected=\"false\" tabindex=\"-1\" id=\"mobile-fusion-tab-primadel2008\" href=\"#tab-fd4bb6d739948b1ab4b\"><h4 class=\"fusion-tab-heading\">Prima del 2008<\/h4><\/a><\/li><\/ul><\/div><div class=\"tab-pane fade fusion-clearfix\" role=\"tabpanel\" tabindex=\"0\" aria-labelledby=\"fusion-tab-primadel2008\" id=\"tab-fd4bb6d739948b1ab4b\">\n<p><a href=\"http:\/\/www.lilec.it\/cisq\/?page_id=1054\">Vai all&#8217;archivio<\/a><\/p>\n<\/div><\/div><\/div><div class=\"fusion-clearfix\"><\/div><\/div><\/div><\/div><\/div>\n","protected":false},"excerpt":{"rendered":"","protected":false},"author":6,"featured_media":0,"parent":0,"menu_order":0,"comment_status":"closed","ping_status":"closed","template":"100-width.php","meta":{"footnotes":""},"class_list":["post-134","page","type-page","status-publish","hentry"],"_links":{"self":[{"href":"https:\/\/www.lilec.it\/cisq\/wp-json\/wp\/v2\/pages\/134"}],"collection":[{"href":"https:\/\/www.lilec.it\/cisq\/wp-json\/wp\/v2\/pages"}],"about":[{"href":"https:\/\/www.lilec.it\/cisq\/wp-json\/wp\/v2\/types\/page"}],"author":[{"embeddable":true,"href":"https:\/\/www.lilec.it\/cisq\/wp-json\/wp\/v2\/users\/6"}],"replies":[{"embeddable":true,"href":"https:\/\/www.lilec.it\/cisq\/wp-json\/wp\/v2\/comments?post=134"}],"version-history":[{"count":65,"href":"https:\/\/www.lilec.it\/cisq\/wp-json\/wp\/v2\/pages\/134\/revisions"}],"predecessor-version":[{"id":1213,"href":"https:\/\/www.lilec.it\/cisq\/wp-json\/wp\/v2\/pages\/134\/revisions\/1213"}],"wp:attachment":[{"href":"https:\/\/www.lilec.it\/cisq\/wp-json\/wp\/v2\/media?parent=134"}],"curies":[{"name":"wp","href":"https:\/\/api.w.org\/{rel}","templated":true}]}}