{"id":174,"date":"2012-09-20T10:25:19","date_gmt":"2012-09-20T08:25:19","guid":{"rendered":"http:\/\/www.lilec.it\/cisq\/wp\/?page_id=174"},"modified":"2016-12-01T15:16:36","modified_gmt":"2016-12-01T14:16:36","slug":"banche-dati","status":"publish","type":"page","link":"https:\/\/www.lilec.it\/cisq\/risorse\/banche-dati\/","title":{"rendered":"Banche dati | Bases de donn\u00e9es"},"content":{"rendered":"<p><!--:it--><a href=\"http:\/\/www.oqlf.gouv.qc.ca\/ressources\/bdl.html\">Banque de d\u00e9pannage linguistique (BDL).<\/a><br \/>\nOffice qu\u00e9b\u00e9cois de la langue fran\u00e7aise, Gouvernement du Qu\u00e9bec.<\/p>\n<p><a href=\"http:\/\/www.toponymie.gouv.qc.ca\/CT\/toposweb\/recherche.aspx\">Banque de noms de lieu du Qu\u00e9bec.<\/a><br \/>\nOffice qu\u00e9b\u00e9cois de la langue fran\u00e7aise, Gouvernement du Qu\u00e9bec.<\/p>\n<p><a href=\"http:\/\/www.bdlp.org\/accueil.asp?base=QU\">Base de donn\u00e9es lexicographiques panfrancophone &#8211; Qu\u00e9bec (BDLP-Qu\u00e9bec)<br \/>\n<\/a>Universit\u00e9 Laval, Tr\u00e9sor de la langue fran\u00e7aise au Qu\u00e9bec, sous la direction de C.Poirier.<\/p>\n<p style=\"text-align: justify;\"><a href=\"http:\/\/www.lilec.it\/cisq\/wp\/wp-content\/uploads\/2012\/10\/Base-QU.IT_.-Zotti.pptx\">Base parall\u00e8le de la litt\u00e9rature qu\u00e9b\u00e9coise traduite en italien (QU.IT.)<\/a><br \/>\nUniversit\u00e0 di Bologna, en collaboration avec le Tr\u00e9sor de la langue fran\u00e7aise au Qu\u00e9bec, sous la direction de V. Zotti.<\/p>\n<p style=\"text-align: justify;\"><a href=\"http:\/\/www.tlfq.ulaval.ca\/quebetext\/\">Base de donn\u00e9es textuelles QU\u00c9B\u00c9TEXT<\/a><br \/>\nCompos\u00e9e de quatre corpus: litt\u00e9rature qu\u00e9b\u00e9coise, textes sur l&#8217;anglicisme, t\u00e9moignages des voyageurs, pr\u00e9faces des r\u00e9petoires lexicaux.<br \/>\nUniversit\u00e9 Laval, Tr\u00e9sor de la langue fran\u00e7aise au Qu\u00e9bec,\u00a0sous la direction de C. Poirier.<\/p>\n<p style=\"text-align: justify;\"><a href=\"http:\/\/www.tlfq.ulaval.ca\/fichier\/\">Fichier lexical<br \/>\n<\/a>Base de citations provenant de sources qu\u00e9b\u00e9coises diverses.<br \/>\nUniversit\u00e9 Laval,\u00a0Tr\u00e9sor de la langue fran\u00e7aise au Qu\u00e9bec, sous la direction de C. Poirier.<\/p>\n<p><!--:--><!--:fr--><a href=\"http:\/\/www.oqlf.gouv.qc.ca\/ressources\/bdl.html\">Banque de d\u00e9pannage linguistique (BDL)<\/a><br \/>\nOffice qu\u00e9b\u00e9cois de la langue fran\u00e7aise, Gouvernement du Qu\u00e9bec.<\/p>\n<p><a href=\"http:\/\/www.toponymie.gouv.qc.ca\/CT\/toposweb\/recherche.aspx\">Banque de noms de lieu du Qu\u00e9bec<\/a><br \/>\nOffice qu\u00e9b\u00e9cois de la langue fran\u00e7aise, Gouvernement du Qu\u00e9bec.<\/p>\n<p><a href=\"http:\/\/www.bdlp.org\/accueil.asp?base=QU\">Base de donn\u00e9es lexicographiques panfrancophone &#8211; Qu\u00e9bec (BDLP-Qu\u00e9bec)<\/a><br \/>\nUniversit\u00e9 Laval, Tr\u00e9sor de la langue fran\u00e7aise au Qu\u00e9bec, sous la direction de C.Poirier.<\/p>\n<p><a href=\"http:\/\/www.lilec.it\/cisq\/wp\/wp-content\/uploads\/2012\/10\/Base-QU.IT_.-Zotti.pptx\">Base parall\u00e8le de la litt\u00e9rature qu\u00e9b\u00e9coise traduite en italien (QU.IT.)<\/a><br \/>\nUniversit\u00e0 di Bologna, en collaboration avec le\u00a0Tr\u00e9sor de la langue fran\u00e7aise au Qu\u00e9bec, sous la direction de V. Zotti.<\/p>\n<p><a href=\"http:\/\/www.tlfq.ulaval.ca\/fichier\/\">Fichier lexical<\/a><br \/>\nBase de citations provenant de sources qu\u00e9b\u00e9coises diverses.<br \/>\nUniversit\u00e9 Laval,\u00a0Tr\u00e9sor de la langue fran\u00e7aise au Qu\u00e9bec, sous la direction de C. Poirier.<\/p>\n<p><a href=\"http:\/\/www.tlfq.ulaval.ca\/quebetext\/\">Base de donn\u00e9es textuelles QU\u00c9B\u00c9TEXT<\/a><br \/>\nCompos\u00e9e de quatre corpus: litt\u00e9rature qu\u00e9b\u00e9coise, textes sur l&#8217;anglicisme, t\u00e9moignages des voyageurs, pr\u00e9faces des r\u00e9petoires lexicaux.<br \/>\nUniversit\u00e9 Laval, Tr\u00e9sor de la langue fran\u00e7aise au Qu\u00e9bec,\u00a0sous la direction de C. Poirier.<!--:--><\/p>\n","protected":false},"excerpt":{"rendered":"<p> [&hellip;]<\/p>\n","protected":false},"author":6,"featured_media":0,"parent":150,"menu_order":0,"comment_status":"closed","ping_status":"closed","template":"","meta":{"footnotes":""},"class_list":["post-174","page","type-page","status-publish","hentry"],"_links":{"self":[{"href":"https:\/\/www.lilec.it\/cisq\/wp-json\/wp\/v2\/pages\/174"}],"collection":[{"href":"https:\/\/www.lilec.it\/cisq\/wp-json\/wp\/v2\/pages"}],"about":[{"href":"https:\/\/www.lilec.it\/cisq\/wp-json\/wp\/v2\/types\/page"}],"author":[{"embeddable":true,"href":"https:\/\/www.lilec.it\/cisq\/wp-json\/wp\/v2\/users\/6"}],"replies":[{"embeddable":true,"href":"https:\/\/www.lilec.it\/cisq\/wp-json\/wp\/v2\/comments?post=174"}],"version-history":[{"count":45,"href":"https:\/\/www.lilec.it\/cisq\/wp-json\/wp\/v2\/pages\/174\/revisions"}],"predecessor-version":[{"id":955,"href":"https:\/\/www.lilec.it\/cisq\/wp-json\/wp\/v2\/pages\/174\/revisions\/955"}],"up":[{"embeddable":true,"href":"https:\/\/www.lilec.it\/cisq\/wp-json\/wp\/v2\/pages\/150"}],"wp:attachment":[{"href":"https:\/\/www.lilec.it\/cisq\/wp-json\/wp\/v2\/media?parent=174"}],"curies":[{"name":"wp","href":"https:\/\/api.w.org\/{rel}","templated":true}]}}