{"id":8,"date":"2013-07-18T13:24:04","date_gmt":"2013-07-18T13:24:04","guid":{"rendered":"http:\/\/www.lilec-linguisitica.it\/cxm\/?page_id=8"},"modified":"2021-05-03T13:16:00","modified_gmt":"2021-05-03T13:16:00","slug":"events","status":"publish","type":"page","link":"https:\/\/www.lilec.it\/cxm\/?page_id=8","title":{"rendered":"Events"},"content":{"rendered":"<p>This page contains links to events directly related to CxM, as well as to conferences that will have CxM presentations.<\/p>\n<h3><strong>Upcoming Events<br \/>\n<\/strong><\/h3>\n<div title=\"Page 1\">\n<ul>\n<li>Workshop on &#8220;Paradigmatic relations in the constructicon&#8221;, part of<strong> ICCG11<\/strong>, University of Antwerp, 18-20 August 2021 [<a href=\"https:\/\/www.uantwerpen.be\/en\/conferences\/construction-grammars\/\">website<\/a>]<\/li>\n<\/ul>\n<\/div>\n<h3><strong>PAST Events<br \/>\n<\/strong><\/h3>\n<div title=\"Page 1\">\n<ul>\n<li><strong>11th Mediterranean Morphology Meeting<\/strong>\u00a0(MMM11), organized by\u00a0Jenny Audring, Nikos Koutsoukos, Francesca Masini. &amp; Marianna Katsoyannou. Nicosia (Cyprus), 22-25\u00a0June 2017 [<a href=\"http:\/\/www.lilec.it\/mmm\/?page_id=358\">website<\/a>]<\/li>\n<li><strong>10th Mediterranean Morphology Meeting<\/strong>\u00a0(MMM10), organized by Jenny Audring, Nikos Koutsoukos, Francesca Masini &amp; Wendy Sandler. Haifa, 7-10 September 2015 [<a href=\"http:\/\/www.lilec-mmm.it\/?page_id=19\">website<\/a>]<\/li>\n<li><strong>8th International Conference on Construction Grammar<\/strong> (ICCG-8), organized by\u00a0Thomas Hoffmann, Alexander Bergs, Claudia Lehmann &amp; Meike Pentrel. University of Osnabr\u00fcck, 3-6 September 2014 [<a href=\"http:\/\/www.blogs.uni-osnabrueck.de\/iccg8\/\">website<\/a>]<\/li>\n<li><strong>16th International Morphology Meeting<\/strong> (IMM16), organized by Ferenc Kiefer, Huba Bartos, M\u00e1ria Lad\u00e1nyi &amp; P\u00e9ter Rebrus. Budapest, 29 May \u2013 1 June 2014 [<a href=\"http:\/\/www.nytud.hu\/imm16\/index.html\">website<\/a>]<\/li>\n<li><strong>9th Mediterranean Morphology Meeting<\/strong> (MMM9), organized by Geert Booij, Angela Ralli, Sergio Scalise &amp; Ida Raffaelli. Dubrovnik, 15-18 September 2013 [<a href=\"http:\/\/mmm9.ffzg.unizg.hr\/\">website<\/a>]<\/li>\n<li><strong>Morphology and its interfaces<\/strong>, organized by Dany Amiot, Natalia Grabar, C\u00e9dric Patin, Fayssal Tayalati &amp; Delphine Tribout. Lille, 12-13 September 2013 [<a href=\"http:\/\/natalia.grabar.perso.sfr.fr\/MOPRHO\/#\">website<\/a>]<\/li>\n<li><strong>Bologna Seminar on Construction Morphology <\/strong>(BSCM), organized by Geert Booij &amp; Francesca Masini. Bologna, 20-21 May 2013 [<a title=\"Bologna Seminar on Construction Morphology\" href=\"http:\/\/www.lilec-linguisitica.it\/cxm\/?page_id=10\">website<\/a>]<\/li>\n<\/ul>\n<\/div>\n","protected":false},"excerpt":{"rendered":"<p>This page contains links to events directly related to CxM, as well as to conferences that will have CxM presentations. Upcoming Events Workshop on &#8220;Paradigmatic relations in the constructicon&#8221;, part of ICCG11, University of Antwerp, 18-20 August 2021 [website] PAST &hellip; <a href=\"https:\/\/www.lilec.it\/cxm\/?page_id=8\">Continue reading <span class=\"meta-nav\">&rarr;<\/span><\/a><\/p>\n","protected":false},"author":2,"featured_media":0,"parent":0,"menu_order":0,"comment_status":"closed","ping_status":"open","template":"","meta":[],"_links":{"self":[{"href":"https:\/\/www.lilec.it\/cxm\/index.php?rest_route=\/wp\/v2\/pages\/8"}],"collection":[{"href":"https:\/\/www.lilec.it\/cxm\/index.php?rest_route=\/wp\/v2\/pages"}],"about":[{"href":"https:\/\/www.lilec.it\/cxm\/index.php?rest_route=\/wp\/v2\/types\/page"}],"author":[{"embeddable":true,"href":"https:\/\/www.lilec.it\/cxm\/index.php?rest_route=\/wp\/v2\/users\/2"}],"replies":[{"embeddable":true,"href":"https:\/\/www.lilec.it\/cxm\/index.php?rest_route=%2Fwp%2Fv2%2Fcomments&post=8"}],"version-history":[{"count":16,"href":"https:\/\/www.lilec.it\/cxm\/index.php?rest_route=\/wp\/v2\/pages\/8\/revisions"}],"predecessor-version":[{"id":200,"href":"https:\/\/www.lilec.it\/cxm\/index.php?rest_route=\/wp\/v2\/pages\/8\/revisions\/200"}],"wp:attachment":[{"href":"https:\/\/www.lilec.it\/cxm\/index.php?rest_route=%2Fwp%2Fv2%2Fmedia&parent=8"}],"curies":[{"name":"wp","href":"https:\/\/api.w.org\/{rel}","templated":true}]}}